{"id":9716,"date":"2020-12-20T14:34:57","date_gmt":"2023-06-02T12:41:43","guid":{"rendered":"https:\/\/globertop.com\/?post_type=product&#038;p=9716"},"modified":"2023-06-02T17:06:39","modified_gmt":"2023-06-02T14:06:39","slug":"unikala-html-veidne-ebay","status":"publish","type":"product","link":"https:\/\/globertop.com\/lv\/product\/unikala-html-veidne-ebay\/","title":{"rendered":"Unik\u0101la HTML veidne eBay"},"content":{"rendered":"\t\t<div data-elementor-type=\"product-post\" data-elementor-id=\"9716\" class=\"elementor elementor-9716 elementor-3904\">\n\t\t\t\t\t\t<div class=\"elementor-inner\">\n\t\t\t\t<div class=\"elementor-section-wrap\">\n\t\t\t\t\t\t\t\t\t<section class=\"elementor-section elementor-top-section elementor-element elementor-element-644d9512 elementor-section-boxed elementor-section-gap-beside-yes elementor-section-height-default elementor-section-height-default elementor-section-column-vertical-align-stretch\" data-id=\"644d9512\" data-element_type=\"section\">\n\t\t\t\t\t\t<div class=\"elementor-container elementor-column-gap-extended\">\n\t\t\t\t\t\t\t<div class=\"elementor-row\">\n\t\t\t\t\t<div class=\"elementor-column elementor-col-100 elementor-top-column elementor-element elementor-element-3a27a4ef\" data-id=\"3a27a4ef\" data-element_type=\"column\">\n\t\t\t<div class=\"elementor-column-wrap elementor-element-populated\">\n\t\t\t\t\t\t\t<div class=\"elementor-widget-wrap\">\n\t\t\t\t\t\t<div class=\"elementor-element elementor-element-3ddde10b elementor-widget elementor-widget-text-editor\" data-id=\"3ddde10b\" data-element_type=\"widget\" data-widget_type=\"text-editor.default\">\n\t\t\t\t<div class=\"elementor-widget-container\">\n\t\t\t\t\t\t\t\t<div class=\"elementor-text-editor elementor-clearfix\">\n\t\t\t\t<p>M\u0113s izveidosim piel\u0101gotu eBay saraksta apraksta dizainu, pamatojoties uz j\u016bsu produkta ni\u0161u.<\/p><p><strong>M\u0113s pieg\u0101d\u0101sim rezult\u0101tu, nos\u016btot jums HTML kodu. M\u0113s nodro\u0161in\u0101sim ar\u012b kodu t\u0101d\u0101 form\u0101t\u0101, ko varat izmantot, lai aug\u0161upiel\u0101d\u0113tu savus ierakstus ar failu apmai\u0146as funkcionalit\u0101ti.<\/strong><\/p><p>M\u0113s ar jums sazin\u0101simies p\u0113c maks\u0101juma veik\u0161anas.<\/p>\t\t\t\t\t<\/div>\n\t\t\t\t\t\t<\/div>\n\t\t\t\t<\/div>\n\t\t\t\t\t\t<\/div>\n\t\t\t\t\t<\/div>\n\t\t<\/div>\n\t\t\t\t\t\t\t\t<\/div>\n\t\t\t\t\t<\/div>\n\t\t<\/section>\n\t\t\t\t\t\t\t\t\t<\/div>\n\t\t\t<\/div>\n\t\t\t\t\t<\/div>\n\t\t","protected":false},"excerpt":{"rendered":"<p>M\u0113s izveidosim piel\u0101gotu eBay saraksta apraksta dizainu, pamatojoties uz j\u016bsu produkta ni\u0161u. M\u0113s pieg\u0101d\u0101sim rezult\u0101tu, nos\u016btot jums HTML kodu. M\u0113s nodro\u0161in\u0101sim ar\u012b kodu t\u0101d\u0101 form\u0101t\u0101, ko varat izmantot, lai aug\u0161upiel\u0101d\u0113tu savus ierakstus ar failu apmai\u0146as funkcionalit\u0101ti. M\u0113s ar jums sazin\u0101simies p\u0113c maks\u0101juma veik\u0161anas.<\/p>\n","protected":false},"featured_media":9427,"template":"","meta":{"pmpro_default_level":0},"product_cat":[130],"product_tag":[],"yoast_head":"<!-- This site is optimized with the Yoast SEO plugin v17.3 - https:\/\/yoast.com\/wordpress\/plugins\/seo\/ -->\n<title>Unik\u0101la HTML veidne eBayUnik\u0101la HTML veidne eBay - GloberTop<\/title>\n<meta name=\"description\" content=\"M\u0113s izveidosim unik\u0101lu personaliz\u0113tu veidni j\u016bsu eBay ierakstam\u00a0\u2014 piln\u012bb\u0101 pamatojoties uz j\u016bsu vajadz\u012bb\u0101m. Sazinieties jau tagad!\" \/>\n<meta name=\"robots\" content=\"index, follow, max-snippet:-1, max-image-preview:large, max-video-preview:-1\" \/>\n<link rel=\"canonical\" href=\"https:\/\/globertop.com\/lv\/product\/unikala-html-veidne-ebay\/\" \/>\n<meta property=\"og:locale\" content=\"lv_LV\" \/>\n<meta property=\"og:type\" content=\"article\" \/>\n<meta property=\"og:title\" content=\"Unik\u0101la HTML veidne eBayUnik\u0101la HTML veidne eBay - GloberTop\" \/>\n<meta property=\"og:description\" content=\"M\u0113s izveidosim unik\u0101lu personaliz\u0113tu veidni j\u016bsu eBay ierakstam\u00a0\u2014 piln\u012bb\u0101 pamatojoties uz j\u016bsu vajadz\u012bb\u0101m. Sazinieties jau tagad!\" \/>\n<meta property=\"og:url\" content=\"https:\/\/globertop.com\/lv\/product\/unikala-html-veidne-ebay\/\" \/>\n<meta property=\"og:site_name\" content=\"GloberTop\" \/>\n<meta property=\"article:modified_time\" content=\"2023-06-02T14:06:39+00:00\" \/>\n<meta property=\"og:image\" content=\"https:\/\/globertop.com\/wp-content\/uploads\/2020\/12\/ebay-dizainas.png\" \/>\n\t<meta property=\"og:image:width\" content=\"300\" \/>\n\t<meta property=\"og:image:height\" content=\"300\" \/>\n<meta name=\"twitter:card\" content=\"summary_large_image\" \/>\n<meta name=\"twitter:label1\" content=\"Est. reading time\" \/>\n\t<meta name=\"twitter:data1\" content=\"1 minute\" \/>\n<script type=\"application\/ld+json\" class=\"yoast-schema-graph\">{\"@context\":\"https:\/\/schema.org\",\"@graph\":[{\"@type\":\"WebSite\",\"@id\":\"https:\/\/globertop.com\/#website\",\"url\":\"https:\/\/globertop.com\/\",\"name\":\"GloberTop\",\"description\":\"eBay paslaugos ir mokymai\",\"potentialAction\":[{\"@type\":\"SearchAction\",\"target\":{\"@type\":\"EntryPoint\",\"urlTemplate\":\"https:\/\/globertop.com\/?s={search_term_string}\"},\"query-input\":\"required name=search_term_string\"}],\"inLanguage\":\"lv-LV\"},{\"@type\":\"ImageObject\",\"@id\":\"https:\/\/globertop.com\/lv\/product\/unikala-html-veidne-ebay\/#primaryimage\",\"inLanguage\":\"lv-LV\",\"url\":\"https:\/\/globertop.com\/wp-content\/uploads\/2020\/12\/ebay-dizainas.png\",\"contentUrl\":\"https:\/\/globertop.com\/wp-content\/uploads\/2020\/12\/ebay-dizainas.png\",\"width\":300,\"height\":300},{\"@type\":\"WebPage\",\"@id\":\"https:\/\/globertop.com\/lv\/product\/unikala-html-veidne-ebay\/#webpage\",\"url\":\"https:\/\/globertop.com\/lv\/product\/unikala-html-veidne-ebay\/\",\"name\":\"Unik\\u0101la HTML veidne eBayUnik\\u0101la HTML veidne eBay - GloberTop\",\"isPartOf\":{\"@id\":\"https:\/\/globertop.com\/#website\"},\"primaryImageOfPage\":{\"@id\":\"https:\/\/globertop.com\/lv\/product\/unikala-html-veidne-ebay\/#primaryimage\"},\"datePublished\":\"2023-06-02T12:41:43+00:00\",\"dateModified\":\"2023-06-02T14:06:39+00:00\",\"description\":\"M\\u0113s izveidosim unik\\u0101lu personaliz\\u0113tu veidni j\\u016bsu eBay ierakstam\\u00a0\\u2014 piln\\u012bb\\u0101 pamatojoties uz j\\u016bsu vajadz\\u012bb\\u0101m. Sazinieties jau tagad!\",\"breadcrumb\":{\"@id\":\"https:\/\/globertop.com\/lv\/product\/unikala-html-veidne-ebay\/#breadcrumb\"},\"inLanguage\":\"lv-LV\",\"potentialAction\":[{\"@type\":\"ReadAction\",\"target\":[\"https:\/\/globertop.com\/lv\/product\/unikala-html-veidne-ebay\/\"]}]},{\"@type\":\"BreadcrumbList\",\"@id\":\"https:\/\/globertop.com\/lv\/product\/unikala-html-veidne-ebay\/#breadcrumb\",\"itemListElement\":[{\"@type\":\"ListItem\",\"position\":1,\"name\":\"Home\",\"item\":\"https:\/\/globertop.com\/lv\/\"},{\"@type\":\"ListItem\",\"position\":2,\"name\":\"Pakalpojumi\",\"item\":\"https:\/\/globertop.com\/lv\/ebay-pakalpojumi\/\"},{\"@type\":\"ListItem\",\"position\":3,\"name\":\"Unik\\u0101la HTML veidne eBay\"}]}]}<\/script>\n<!-- \/ Yoast SEO plugin. -->","yoast_head_json":{"title":"Unik\u0101la HTML veidne eBayUnik\u0101la HTML veidne eBay - GloberTop","description":"M\u0113s izveidosim unik\u0101lu personaliz\u0113tu veidni j\u016bsu eBay ierakstam\u00a0\u2014 piln\u012bb\u0101 pamatojoties uz j\u016bsu vajadz\u012bb\u0101m. Sazinieties jau tagad!","robots":{"index":"index","follow":"follow","max-snippet":"max-snippet:-1","max-image-preview":"max-image-preview:large","max-video-preview":"max-video-preview:-1"},"canonical":"https:\/\/globertop.com\/lv\/product\/unikala-html-veidne-ebay\/","og_locale":"lv_LV","og_type":"article","og_title":"Unik\u0101la HTML veidne eBayUnik\u0101la HTML veidne eBay - GloberTop","og_description":"M\u0113s izveidosim unik\u0101lu personaliz\u0113tu veidni j\u016bsu eBay ierakstam\u00a0\u2014 piln\u012bb\u0101 pamatojoties uz j\u016bsu vajadz\u012bb\u0101m. Sazinieties jau tagad!","og_url":"https:\/\/globertop.com\/lv\/product\/unikala-html-veidne-ebay\/","og_site_name":"GloberTop","article_modified_time":"2023-06-02T14:06:39+00:00","og_image":[{"width":300,"height":300,"url":"https:\/\/globertop.com\/wp-content\/uploads\/2020\/12\/ebay-dizainas.png","type":"image\/png"}],"twitter_card":"summary_large_image","twitter_misc":{"Est. reading time":"1 minute"},"schema":{"@context":"https:\/\/schema.org","@graph":[{"@type":"WebSite","@id":"https:\/\/globertop.com\/#website","url":"https:\/\/globertop.com\/","name":"GloberTop","description":"eBay paslaugos ir mokymai","potentialAction":[{"@type":"SearchAction","target":{"@type":"EntryPoint","urlTemplate":"https:\/\/globertop.com\/?s={search_term_string}"},"query-input":"required name=search_term_string"}],"inLanguage":"lv-LV"},{"@type":"ImageObject","@id":"https:\/\/globertop.com\/lv\/product\/unikala-html-veidne-ebay\/#primaryimage","inLanguage":"lv-LV","url":"https:\/\/globertop.com\/wp-content\/uploads\/2020\/12\/ebay-dizainas.png","contentUrl":"https:\/\/globertop.com\/wp-content\/uploads\/2020\/12\/ebay-dizainas.png","width":300,"height":300},{"@type":"WebPage","@id":"https:\/\/globertop.com\/lv\/product\/unikala-html-veidne-ebay\/#webpage","url":"https:\/\/globertop.com\/lv\/product\/unikala-html-veidne-ebay\/","name":"Unik\u0101la HTML veidne eBayUnik\u0101la HTML veidne eBay - GloberTop","isPartOf":{"@id":"https:\/\/globertop.com\/#website"},"primaryImageOfPage":{"@id":"https:\/\/globertop.com\/lv\/product\/unikala-html-veidne-ebay\/#primaryimage"},"datePublished":"2023-06-02T12:41:43+00:00","dateModified":"2023-06-02T14:06:39+00:00","description":"M\u0113s izveidosim unik\u0101lu personaliz\u0113tu veidni j\u016bsu eBay ierakstam\u00a0\u2014 piln\u012bb\u0101 pamatojoties uz j\u016bsu vajadz\u012bb\u0101m. Sazinieties jau tagad!","breadcrumb":{"@id":"https:\/\/globertop.com\/lv\/product\/unikala-html-veidne-ebay\/#breadcrumb"},"inLanguage":"lv-LV","potentialAction":[{"@type":"ReadAction","target":["https:\/\/globertop.com\/lv\/product\/unikala-html-veidne-ebay\/"]}]},{"@type":"BreadcrumbList","@id":"https:\/\/globertop.com\/lv\/product\/unikala-html-veidne-ebay\/#breadcrumb","itemListElement":[{"@type":"ListItem","position":1,"name":"Home","item":"https:\/\/globertop.com\/lv\/"},{"@type":"ListItem","position":2,"name":"Pakalpojumi","item":"https:\/\/globertop.com\/lv\/ebay-pakalpojumi\/"},{"@type":"ListItem","position":3,"name":"Unik\u0101la HTML veidne eBay"}]}]}},"_links":{"self":[{"href":"https:\/\/globertop.com\/lv\/wp-json\/wp\/v2\/product\/9716"}],"collection":[{"href":"https:\/\/globertop.com\/lv\/wp-json\/wp\/v2\/product"}],"about":[{"href":"https:\/\/globertop.com\/lv\/wp-json\/wp\/v2\/types\/product"}],"version-history":[{"count":3,"href":"https:\/\/globertop.com\/lv\/wp-json\/wp\/v2\/product\/9716\/revisions"}],"predecessor-version":[{"id":9721,"href":"https:\/\/globertop.com\/lv\/wp-json\/wp\/v2\/product\/9716\/revisions\/9721"}],"wp:featuredmedia":[{"embeddable":true,"href":"https:\/\/globertop.com\/lv\/wp-json\/wp\/v2\/media\/9427"}],"wp:attachment":[{"href":"https:\/\/globertop.com\/lv\/wp-json\/wp\/v2\/media?parent=9716"}],"wp:term":[{"taxonomy":"product_cat","embeddable":true,"href":"https:\/\/globertop.com\/lv\/wp-json\/wp\/v2\/product_cat?post=9716"},{"taxonomy":"product_tag","embeddable":true,"href":"https:\/\/globertop.com\/lv\/wp-json\/wp\/v2\/product_tag?post=9716"}],"curies":[{"name":"wp","href":"https:\/\/api.w.org\/{rel}","templated":true}]}}