{"id":9714,"date":"2020-12-29T14:18:13","date_gmt":"2023-06-02T12:34:52","guid":{"rendered":"https:\/\/globertop.com\/?post_type=product&#038;p=9714"},"modified":"2023-06-02T15:34:52","modified_gmt":"2023-06-02T12:34:52","slug":"ebay-konta-audits","status":"publish","type":"product","link":"https:\/\/globertop.com\/lv\/product\/ebay-konta-audits\/","title":{"rendered":"eBay konta audits"},"content":{"rendered":"<p>M\u0113s detaliz\u0113ti izskat\u012bsim j\u016bsu eBay kontu un sniegsim jums rakstisku zi\u0146ojumu vai prezent\u0113sim savus konstat\u0113jumus videozvana\/tie\u0161sapulces laik\u0101.<\/p>\n<p>M\u0113s ar jums sazin\u0101simies p\u0113c maks\u0101juma veik\u0161anas.<\/p>\n","protected":false},"excerpt":{"rendered":"<p>M\u0113s detaliz\u0113ti izskat\u012bsim j\u016bsu eBay kontu un sniegsim jums rakstisku zi\u0146ojumu vai prezent\u0113sim savus konstat\u0113jumus videozvana\/tie\u0161sapulces laik\u0101. M\u0113s ar jums sazin\u0101simies p\u0113c maks\u0101juma veik\u0161anas.<\/p>\n","protected":false},"featured_media":9425,"template":"","meta":{"pmpro_default_level":0},"product_cat":[130],"product_tag":[],"yoast_head":"<!-- This site is optimized with the Yoast SEO plugin v17.3 - https:\/\/yoast.com\/wordpress\/plugins\/seo\/ -->\n<title>eBay konta profesion\u0101la audits eBay konta audits - GloberTop<\/title>\n<meta name=\"description\" content=\"Audita laik\u0101 m\u0113s nov\u0113rt\u0113sim j\u016bsu eBay konta st\u0101vokli, probl\u0113mas un neizmantoto potenci\u0101lu. Sazinieties ar mums t\u016bl\u012bt.\" \/>\n<meta name=\"robots\" content=\"index, follow, max-snippet:-1, max-image-preview:large, max-video-preview:-1\" \/>\n<link rel=\"canonical\" href=\"https:\/\/globertop.com\/lv\/product\/ebay-konta-audits\/\" \/>\n<meta property=\"og:locale\" content=\"lv_LV\" \/>\n<meta property=\"og:type\" content=\"article\" \/>\n<meta property=\"og:title\" content=\"eBay konta profesion\u0101la audits eBay konta audits - GloberTop\" \/>\n<meta property=\"og:description\" content=\"Audita laik\u0101 m\u0113s nov\u0113rt\u0113sim j\u016bsu eBay konta st\u0101vokli, probl\u0113mas un neizmantoto potenci\u0101lu. Sazinieties ar mums t\u016bl\u012bt.\" \/>\n<meta property=\"og:url\" content=\"https:\/\/globertop.com\/lv\/product\/ebay-konta-audits\/\" \/>\n<meta property=\"og:site_name\" content=\"GloberTop\" \/>\n<meta property=\"og:image\" content=\"https:\/\/globertop.com\/wp-content\/uploads\/2020\/12\/ebay-paskyros-auditas.png\" \/>\n\t<meta property=\"og:image:width\" content=\"300\" \/>\n\t<meta property=\"og:image:height\" content=\"300\" \/>\n<meta name=\"twitter:card\" content=\"summary_large_image\" \/>\n<meta name=\"twitter:label1\" content=\"Est. reading time\" \/>\n\t<meta name=\"twitter:data1\" content=\"1 minute\" \/>\n<script type=\"application\/ld+json\" class=\"yoast-schema-graph\">{\"@context\":\"https:\/\/schema.org\",\"@graph\":[{\"@type\":\"WebSite\",\"@id\":\"https:\/\/globertop.com\/#website\",\"url\":\"https:\/\/globertop.com\/\",\"name\":\"GloberTop\",\"description\":\"eBay paslaugos ir mokymai\",\"potentialAction\":[{\"@type\":\"SearchAction\",\"target\":{\"@type\":\"EntryPoint\",\"urlTemplate\":\"https:\/\/globertop.com\/?s={search_term_string}\"},\"query-input\":\"required name=search_term_string\"}],\"inLanguage\":\"lv-LV\"},{\"@type\":\"ImageObject\",\"@id\":\"https:\/\/globertop.com\/lv\/product\/ebay-konta-audits\/#primaryimage\",\"inLanguage\":\"lv-LV\",\"url\":\"https:\/\/globertop.com\/wp-content\/uploads\/2020\/12\/ebay-paskyros-auditas.png\",\"contentUrl\":\"https:\/\/globertop.com\/wp-content\/uploads\/2020\/12\/ebay-paskyros-auditas.png\",\"width\":300,\"height\":300},{\"@type\":\"WebPage\",\"@id\":\"https:\/\/globertop.com\/lv\/product\/ebay-konta-audits\/#webpage\",\"url\":\"https:\/\/globertop.com\/lv\/product\/ebay-konta-audits\/\",\"name\":\"eBay konta profesion\\u0101la audits eBay konta audits - GloberTop\",\"isPartOf\":{\"@id\":\"https:\/\/globertop.com\/#website\"},\"primaryImageOfPage\":{\"@id\":\"https:\/\/globertop.com\/lv\/product\/ebay-konta-audits\/#primaryimage\"},\"datePublished\":\"2023-06-02T12:34:52+00:00\",\"dateModified\":\"2023-06-02T12:34:52+00:00\",\"description\":\"Audita laik\\u0101 m\\u0113s nov\\u0113rt\\u0113sim j\\u016bsu eBay konta st\\u0101vokli, probl\\u0113mas un neizmantoto potenci\\u0101lu. Sazinieties ar mums t\\u016bl\\u012bt.\",\"breadcrumb\":{\"@id\":\"https:\/\/globertop.com\/lv\/product\/ebay-konta-audits\/#breadcrumb\"},\"inLanguage\":\"lv-LV\",\"potentialAction\":[{\"@type\":\"ReadAction\",\"target\":[\"https:\/\/globertop.com\/lv\/product\/ebay-konta-audits\/\"]}]},{\"@type\":\"BreadcrumbList\",\"@id\":\"https:\/\/globertop.com\/lv\/product\/ebay-konta-audits\/#breadcrumb\",\"itemListElement\":[{\"@type\":\"ListItem\",\"position\":1,\"name\":\"Home\",\"item\":\"https:\/\/globertop.com\/lv\/\"},{\"@type\":\"ListItem\",\"position\":2,\"name\":\"Pakalpojumi\",\"item\":\"https:\/\/globertop.com\/lv\/ebay-pakalpojumi\/\"},{\"@type\":\"ListItem\",\"position\":3,\"name\":\"eBay konta audits\"}]}]}<\/script>\n<!-- \/ Yoast SEO plugin. -->","yoast_head_json":{"title":"eBay konta profesion\u0101la audits eBay konta audits - GloberTop","description":"Audita laik\u0101 m\u0113s nov\u0113rt\u0113sim j\u016bsu eBay konta st\u0101vokli, probl\u0113mas un neizmantoto potenci\u0101lu. Sazinieties ar mums t\u016bl\u012bt.","robots":{"index":"index","follow":"follow","max-snippet":"max-snippet:-1","max-image-preview":"max-image-preview:large","max-video-preview":"max-video-preview:-1"},"canonical":"https:\/\/globertop.com\/lv\/product\/ebay-konta-audits\/","og_locale":"lv_LV","og_type":"article","og_title":"eBay konta profesion\u0101la audits eBay konta audits - GloberTop","og_description":"Audita laik\u0101 m\u0113s nov\u0113rt\u0113sim j\u016bsu eBay konta st\u0101vokli, probl\u0113mas un neizmantoto potenci\u0101lu. Sazinieties ar mums t\u016bl\u012bt.","og_url":"https:\/\/globertop.com\/lv\/product\/ebay-konta-audits\/","og_site_name":"GloberTop","og_image":[{"width":300,"height":300,"url":"https:\/\/globertop.com\/wp-content\/uploads\/2020\/12\/ebay-paskyros-auditas.png","type":"image\/png"}],"twitter_card":"summary_large_image","twitter_misc":{"Est. reading time":"1 minute"},"schema":{"@context":"https:\/\/schema.org","@graph":[{"@type":"WebSite","@id":"https:\/\/globertop.com\/#website","url":"https:\/\/globertop.com\/","name":"GloberTop","description":"eBay paslaugos ir mokymai","potentialAction":[{"@type":"SearchAction","target":{"@type":"EntryPoint","urlTemplate":"https:\/\/globertop.com\/?s={search_term_string}"},"query-input":"required name=search_term_string"}],"inLanguage":"lv-LV"},{"@type":"ImageObject","@id":"https:\/\/globertop.com\/lv\/product\/ebay-konta-audits\/#primaryimage","inLanguage":"lv-LV","url":"https:\/\/globertop.com\/wp-content\/uploads\/2020\/12\/ebay-paskyros-auditas.png","contentUrl":"https:\/\/globertop.com\/wp-content\/uploads\/2020\/12\/ebay-paskyros-auditas.png","width":300,"height":300},{"@type":"WebPage","@id":"https:\/\/globertop.com\/lv\/product\/ebay-konta-audits\/#webpage","url":"https:\/\/globertop.com\/lv\/product\/ebay-konta-audits\/","name":"eBay konta profesion\u0101la audits eBay konta audits - GloberTop","isPartOf":{"@id":"https:\/\/globertop.com\/#website"},"primaryImageOfPage":{"@id":"https:\/\/globertop.com\/lv\/product\/ebay-konta-audits\/#primaryimage"},"datePublished":"2023-06-02T12:34:52+00:00","dateModified":"2023-06-02T12:34:52+00:00","description":"Audita laik\u0101 m\u0113s nov\u0113rt\u0113sim j\u016bsu eBay konta st\u0101vokli, probl\u0113mas un neizmantoto potenci\u0101lu. Sazinieties ar mums t\u016bl\u012bt.","breadcrumb":{"@id":"https:\/\/globertop.com\/lv\/product\/ebay-konta-audits\/#breadcrumb"},"inLanguage":"lv-LV","potentialAction":[{"@type":"ReadAction","target":["https:\/\/globertop.com\/lv\/product\/ebay-konta-audits\/"]}]},{"@type":"BreadcrumbList","@id":"https:\/\/globertop.com\/lv\/product\/ebay-konta-audits\/#breadcrumb","itemListElement":[{"@type":"ListItem","position":1,"name":"Home","item":"https:\/\/globertop.com\/lv\/"},{"@type":"ListItem","position":2,"name":"Pakalpojumi","item":"https:\/\/globertop.com\/lv\/ebay-pakalpojumi\/"},{"@type":"ListItem","position":3,"name":"eBay konta audits"}]}]}},"_links":{"self":[{"href":"https:\/\/globertop.com\/lv\/wp-json\/wp\/v2\/product\/9714"}],"collection":[{"href":"https:\/\/globertop.com\/lv\/wp-json\/wp\/v2\/product"}],"about":[{"href":"https:\/\/globertop.com\/lv\/wp-json\/wp\/v2\/types\/product"}],"version-history":[{"count":1,"href":"https:\/\/globertop.com\/lv\/wp-json\/wp\/v2\/product\/9714\/revisions"}],"predecessor-version":[{"id":9715,"href":"https:\/\/globertop.com\/lv\/wp-json\/wp\/v2\/product\/9714\/revisions\/9715"}],"wp:featuredmedia":[{"embeddable":true,"href":"https:\/\/globertop.com\/lv\/wp-json\/wp\/v2\/media\/9425"}],"wp:attachment":[{"href":"https:\/\/globertop.com\/lv\/wp-json\/wp\/v2\/media?parent=9714"}],"wp:term":[{"taxonomy":"product_cat","embeddable":true,"href":"https:\/\/globertop.com\/lv\/wp-json\/wp\/v2\/product_cat?post=9714"},{"taxonomy":"product_tag","embeddable":true,"href":"https:\/\/globertop.com\/lv\/wp-json\/wp\/v2\/product_tag?post=9714"}],"curies":[{"name":"wp","href":"https:\/\/api.w.org\/{rel}","templated":true}]}}