{"id":9712,"date":"2020-12-29T13:40:10","date_gmt":"2023-06-02T12:27:33","guid":{"rendered":"https:\/\/globertop.com\/?post_type=product&#038;p=9712"},"modified":"2023-06-02T15:27:33","modified_gmt":"2023-06-02T12:27:33","slug":"ebay-konsultacija-1-stunda","status":"publish","type":"product","link":"https:\/\/globertop.com\/lv\/product\/ebay-konsultacija-1-stunda\/","title":{"rendered":"eBay konsult\u0101cija (1 stunda)"},"content":{"rendered":"<p><strong>Ja jau p\u0101rdodat eBay, konsult\u0101cijas laik\u0101:<\/strong><\/p>\n<ul>\n<li>M\u0113s p\u0101rskat\u012bsim j\u016bsu konta pa\u0161reiz\u0113jo statusu<\/li>\n<li>Kop\u0101 m\u0113s identific\u0113sim eso\u0161\u0101s probl\u0113mas un pied\u0101v\u0101sim veidus, k\u0101 t\u0101s atrisin\u0101t<\/li>\n<li>M\u0113s dal\u012bsimies ar saviem ieteikumiem, k\u0101 palielin\u0101t p\u0101rdo\u0161anas apjomu un efekt\u012bv\u0101k p\u0101rvald\u012bt savu eBay kontu<\/li>\n<li>Jau pirms konsult\u0101cijas m\u0113s veiksim j\u016bsu eBay konta \u0101r\u0113jo auditu un apspried\u012bsim to<\/li>\n<li>M\u0113s atbild\u0113sim uz visiem j\u016bsu jaut\u0101jumiem<\/li>\n<\/ul>\n<p><strong>Ja v\u0113l nep\u0101rdodat eBay, konsult\u0101cijas laik\u0101:<\/strong><\/p>\n<ul>\n<li>M\u0113s apspried\u012bsim j\u016bsu iesp\u0113jas un potenci\u0101lu eBay platform\u0101<\/li>\n<li>M\u0113s pal\u012bdz\u0113sim jums izveidot eBay tirdzniec\u012bbas strat\u0113\u0123iju un izveidot \u201csoli pa solim\u201d darba pl\u0101nu<\/li>\n<li>Nodro\u0161in\u0101sim noteikumu p\u0101rk\u0101pumu nov\u0113r\u0161anu<\/li>\n<li>M\u0113s atbild\u0113sim uz visiem j\u016bsu jaut\u0101jumiem<\/li>\n<\/ul>\n<p><strong>Tie\u0161raides konsult\u0101cijas notiek Vi\u013c\u0146\u0101, Lietuv\u0101 (aicin\u0101sim viesus uz m\u016bsu ofisu un pasniegsim gardu kafiju) vai att\u0101lin\u0101ti no jebkuras vietas. Laiks tiks saska\u0146ots kop\u0101 ar Jums iepriek\u0161. Sazin\u0101simies ar Jums p\u0113c maks\u0101juma veik\u0161anas.<\/strong><\/p>\n","protected":false},"excerpt":{"rendered":"<p>Ja jau p\u0101rdodat eBay, konsult\u0101cijas laik\u0101: M\u0113s p\u0101rskat\u012bsim j\u016bsu konta pa\u0161reiz\u0113jo statusu Kop\u0101 m\u0113s identific\u0113sim eso\u0161\u0101s probl\u0113mas un pied\u0101v\u0101sim veidus, k\u0101 t\u0101s atrisin\u0101t M\u0113s dal\u012bsimies ar saviem ieteikumiem, k\u0101 palielin\u0101t p\u0101rdo\u0161anas apjomu un efekt\u012bv\u0101k p\u0101rvald\u012bt savu eBay kontu Jau pirms konsult\u0101cijas m\u0113s veiksim j\u016bsu eBay konta \u0101r\u0113jo auditu un apspried\u012bsim to M\u0113s atbild\u0113sim uz visiem j\u016bsu jaut\u0101jumiem Ja v\u0113l nep\u0101rdodat eBay, konsult\u0101cijas laik\u0101: M\u0113s apspried\u012bsim j\u016bsu iesp\u0113jas un potenci\u0101lu eBay platform\u0101 M\u0113s pal\u012bdz\u0113sim jums izveidot eBay tirdzniec\u012bbas strat\u0113\u0123iju un izveidot \u201csoli pa solim\u201d darba pl\u0101nu Nodro\u0161in\u0101sim noteikumu p\u0101rk\u0101pumu nov\u0113r\u0161anu M\u0113s atbild\u0113sim uz visiem j\u016bsu jaut\u0101jumiem Tie\u0161raides konsult\u0101cijas notiek Vi\u013c\u0146\u0101, Lietuv\u0101 (aicin\u0101sim viesus uz m\u016bsu ofisu un pasniegsim gardu kafiju) vai att\u0101lin\u0101ti no jebkuras vietas. Laiks tiks saska\u0146ots kop\u0101 ar Jums iepriek\u0161. Sazin\u0101simies ar Jums p\u0113c maks\u0101juma veik\u0161anas.<\/p>\n","protected":false},"featured_media":9423,"template":"","meta":{"pmpro_default_level":0},"product_cat":[130],"product_tag":[],"yoast_head":"<!-- This site is optimized with the Yoast SEO plugin v17.3 - https:\/\/yoast.com\/wordpress\/plugins\/seo\/ -->\n<title>Profesion\u0101las eBay p\u0101rdo\u0161anas konsult\u0101cijas - GloberTop<\/title>\n<meta name=\"description\" content=\"M\u0113s dal\u012bsimies ar ieskatiem par to, k\u0101 j\u016bs varat palielin\u0101t p\u0101rdo\u0161anas apjomu, efekt\u012bv\u0101k p\u0101rvald\u012bt savu eBay kontu un nov\u0113rt\u0113sim j\u016bsu biznesa potenci\u0101lu vietn\u0113 eBay\" \/>\n<meta name=\"robots\" content=\"index, follow, max-snippet:-1, max-image-preview:large, max-video-preview:-1\" \/>\n<link rel=\"canonical\" href=\"https:\/\/globertop.com\/lv\/product\/ebay-konsultacija-1-stunda\/\" \/>\n<meta property=\"og:locale\" content=\"lv_LV\" \/>\n<meta property=\"og:type\" content=\"article\" \/>\n<meta property=\"og:title\" content=\"Profesion\u0101las eBay p\u0101rdo\u0161anas konsult\u0101cijas - GloberTop\" \/>\n<meta property=\"og:description\" content=\"M\u0113s dal\u012bsimies ar ieskatiem par to, k\u0101 j\u016bs varat palielin\u0101t p\u0101rdo\u0161anas apjomu, efekt\u012bv\u0101k p\u0101rvald\u012bt savu eBay kontu un nov\u0113rt\u0113sim j\u016bsu biznesa potenci\u0101lu vietn\u0113 eBay\" \/>\n<meta property=\"og:url\" content=\"https:\/\/globertop.com\/lv\/product\/ebay-konsultacija-1-stunda\/\" \/>\n<meta property=\"og:site_name\" content=\"GloberTop\" \/>\n<meta property=\"og:image\" content=\"https:\/\/globertop.com\/wp-content\/uploads\/2020\/12\/ebay-pagalba-konsultacijos.png\" \/>\n\t<meta property=\"og:image:width\" content=\"300\" \/>\n\t<meta property=\"og:image:height\" content=\"300\" \/>\n<meta name=\"twitter:card\" content=\"summary_large_image\" \/>\n<meta name=\"twitter:label1\" content=\"Est. reading time\" \/>\n\t<meta name=\"twitter:data1\" content=\"1 minute\" \/>\n<script type=\"application\/ld+json\" class=\"yoast-schema-graph\">{\"@context\":\"https:\/\/schema.org\",\"@graph\":[{\"@type\":\"WebSite\",\"@id\":\"https:\/\/globertop.com\/#website\",\"url\":\"https:\/\/globertop.com\/\",\"name\":\"GloberTop\",\"description\":\"eBay paslaugos ir mokymai\",\"potentialAction\":[{\"@type\":\"SearchAction\",\"target\":{\"@type\":\"EntryPoint\",\"urlTemplate\":\"https:\/\/globertop.com\/?s={search_term_string}\"},\"query-input\":\"required name=search_term_string\"}],\"inLanguage\":\"lv-LV\"},{\"@type\":\"ImageObject\",\"@id\":\"https:\/\/globertop.com\/lv\/product\/ebay-konsultacija-1-stunda\/#primaryimage\",\"inLanguage\":\"lv-LV\",\"url\":\"https:\/\/globertop.com\/wp-content\/uploads\/2020\/12\/ebay-pagalba-konsultacijos.png\",\"contentUrl\":\"https:\/\/globertop.com\/wp-content\/uploads\/2020\/12\/ebay-pagalba-konsultacijos.png\",\"width\":300,\"height\":300},{\"@type\":\"WebPage\",\"@id\":\"https:\/\/globertop.com\/lv\/product\/ebay-konsultacija-1-stunda\/#webpage\",\"url\":\"https:\/\/globertop.com\/lv\/product\/ebay-konsultacija-1-stunda\/\",\"name\":\"Profesion\\u0101las eBay p\\u0101rdo\\u0161anas konsult\\u0101cijas - GloberTop\",\"isPartOf\":{\"@id\":\"https:\/\/globertop.com\/#website\"},\"primaryImageOfPage\":{\"@id\":\"https:\/\/globertop.com\/lv\/product\/ebay-konsultacija-1-stunda\/#primaryimage\"},\"datePublished\":\"2023-06-02T12:27:33+00:00\",\"dateModified\":\"2023-06-02T12:27:33+00:00\",\"description\":\"M\\u0113s dal\\u012bsimies ar ieskatiem par to, k\\u0101 j\\u016bs varat palielin\\u0101t p\\u0101rdo\\u0161anas apjomu, efekt\\u012bv\\u0101k p\\u0101rvald\\u012bt savu eBay kontu un nov\\u0113rt\\u0113sim j\\u016bsu biznesa potenci\\u0101lu vietn\\u0113 eBay\",\"breadcrumb\":{\"@id\":\"https:\/\/globertop.com\/lv\/product\/ebay-konsultacija-1-stunda\/#breadcrumb\"},\"inLanguage\":\"lv-LV\",\"potentialAction\":[{\"@type\":\"ReadAction\",\"target\":[\"https:\/\/globertop.com\/lv\/product\/ebay-konsultacija-1-stunda\/\"]}]},{\"@type\":\"BreadcrumbList\",\"@id\":\"https:\/\/globertop.com\/lv\/product\/ebay-konsultacija-1-stunda\/#breadcrumb\",\"itemListElement\":[{\"@type\":\"ListItem\",\"position\":1,\"name\":\"Home\",\"item\":\"https:\/\/globertop.com\/lv\/\"},{\"@type\":\"ListItem\",\"position\":2,\"name\":\"Pakalpojumi\",\"item\":\"https:\/\/globertop.com\/lv\/ebay-pakalpojumi\/\"},{\"@type\":\"ListItem\",\"position\":3,\"name\":\"eBay konsult\\u0101cija (1 stunda)\"}]}]}<\/script>\n<!-- \/ Yoast SEO plugin. -->","yoast_head_json":{"title":"Profesion\u0101las eBay p\u0101rdo\u0161anas konsult\u0101cijas - GloberTop","description":"M\u0113s dal\u012bsimies ar ieskatiem par to, k\u0101 j\u016bs varat palielin\u0101t p\u0101rdo\u0161anas apjomu, efekt\u012bv\u0101k p\u0101rvald\u012bt savu eBay kontu un nov\u0113rt\u0113sim j\u016bsu biznesa potenci\u0101lu vietn\u0113 eBay","robots":{"index":"index","follow":"follow","max-snippet":"max-snippet:-1","max-image-preview":"max-image-preview:large","max-video-preview":"max-video-preview:-1"},"canonical":"https:\/\/globertop.com\/lv\/product\/ebay-konsultacija-1-stunda\/","og_locale":"lv_LV","og_type":"article","og_title":"Profesion\u0101las eBay p\u0101rdo\u0161anas konsult\u0101cijas - GloberTop","og_description":"M\u0113s dal\u012bsimies ar ieskatiem par to, k\u0101 j\u016bs varat palielin\u0101t p\u0101rdo\u0161anas apjomu, efekt\u012bv\u0101k p\u0101rvald\u012bt savu eBay kontu un nov\u0113rt\u0113sim j\u016bsu biznesa potenci\u0101lu vietn\u0113 eBay","og_url":"https:\/\/globertop.com\/lv\/product\/ebay-konsultacija-1-stunda\/","og_site_name":"GloberTop","og_image":[{"width":300,"height":300,"url":"https:\/\/globertop.com\/wp-content\/uploads\/2020\/12\/ebay-pagalba-konsultacijos.png","type":"image\/png"}],"twitter_card":"summary_large_image","twitter_misc":{"Est. reading time":"1 minute"},"schema":{"@context":"https:\/\/schema.org","@graph":[{"@type":"WebSite","@id":"https:\/\/globertop.com\/#website","url":"https:\/\/globertop.com\/","name":"GloberTop","description":"eBay paslaugos ir mokymai","potentialAction":[{"@type":"SearchAction","target":{"@type":"EntryPoint","urlTemplate":"https:\/\/globertop.com\/?s={search_term_string}"},"query-input":"required name=search_term_string"}],"inLanguage":"lv-LV"},{"@type":"ImageObject","@id":"https:\/\/globertop.com\/lv\/product\/ebay-konsultacija-1-stunda\/#primaryimage","inLanguage":"lv-LV","url":"https:\/\/globertop.com\/wp-content\/uploads\/2020\/12\/ebay-pagalba-konsultacijos.png","contentUrl":"https:\/\/globertop.com\/wp-content\/uploads\/2020\/12\/ebay-pagalba-konsultacijos.png","width":300,"height":300},{"@type":"WebPage","@id":"https:\/\/globertop.com\/lv\/product\/ebay-konsultacija-1-stunda\/#webpage","url":"https:\/\/globertop.com\/lv\/product\/ebay-konsultacija-1-stunda\/","name":"Profesion\u0101las eBay p\u0101rdo\u0161anas konsult\u0101cijas - GloberTop","isPartOf":{"@id":"https:\/\/globertop.com\/#website"},"primaryImageOfPage":{"@id":"https:\/\/globertop.com\/lv\/product\/ebay-konsultacija-1-stunda\/#primaryimage"},"datePublished":"2023-06-02T12:27:33+00:00","dateModified":"2023-06-02T12:27:33+00:00","description":"M\u0113s dal\u012bsimies ar ieskatiem par to, k\u0101 j\u016bs varat palielin\u0101t p\u0101rdo\u0161anas apjomu, efekt\u012bv\u0101k p\u0101rvald\u012bt savu eBay kontu un nov\u0113rt\u0113sim j\u016bsu biznesa potenci\u0101lu vietn\u0113 eBay","breadcrumb":{"@id":"https:\/\/globertop.com\/lv\/product\/ebay-konsultacija-1-stunda\/#breadcrumb"},"inLanguage":"lv-LV","potentialAction":[{"@type":"ReadAction","target":["https:\/\/globertop.com\/lv\/product\/ebay-konsultacija-1-stunda\/"]}]},{"@type":"BreadcrumbList","@id":"https:\/\/globertop.com\/lv\/product\/ebay-konsultacija-1-stunda\/#breadcrumb","itemListElement":[{"@type":"ListItem","position":1,"name":"Home","item":"https:\/\/globertop.com\/lv\/"},{"@type":"ListItem","position":2,"name":"Pakalpojumi","item":"https:\/\/globertop.com\/lv\/ebay-pakalpojumi\/"},{"@type":"ListItem","position":3,"name":"eBay konsult\u0101cija (1 stunda)"}]}]}},"_links":{"self":[{"href":"https:\/\/globertop.com\/lv\/wp-json\/wp\/v2\/product\/9712"}],"collection":[{"href":"https:\/\/globertop.com\/lv\/wp-json\/wp\/v2\/product"}],"about":[{"href":"https:\/\/globertop.com\/lv\/wp-json\/wp\/v2\/types\/product"}],"version-history":[{"count":1,"href":"https:\/\/globertop.com\/lv\/wp-json\/wp\/v2\/product\/9712\/revisions"}],"predecessor-version":[{"id":9713,"href":"https:\/\/globertop.com\/lv\/wp-json\/wp\/v2\/product\/9712\/revisions\/9713"}],"wp:featuredmedia":[{"embeddable":true,"href":"https:\/\/globertop.com\/lv\/wp-json\/wp\/v2\/media\/9423"}],"wp:attachment":[{"href":"https:\/\/globertop.com\/lv\/wp-json\/wp\/v2\/media?parent=9712"}],"wp:term":[{"taxonomy":"product_cat","embeddable":true,"href":"https:\/\/globertop.com\/lv\/wp-json\/wp\/v2\/product_cat?post=9712"},{"taxonomy":"product_tag","embeddable":true,"href":"https:\/\/globertop.com\/lv\/wp-json\/wp\/v2\/product_tag?post=9712"}],"curies":[{"name":"wp","href":"https:\/\/api.w.org\/{rel}","templated":true}]}}