{"id":9822,"date":"2020-12-20T14:34:57","date_gmt":"2023-06-09T13:48:51","guid":{"rendered":"https:\/\/globertop.com\/?post_type=product&#038;p=9822"},"modified":"2023-06-09T16:49:47","modified_gmt":"2023-06-09T13:49:47","slug":"ebay-listing-unique-html-naidis","status":"publish","type":"product","link":"https:\/\/globertop.com\/et\/product\/ebay-listing-unique-html-naidis\/","title":{"rendered":"eBay Listing Unique HTML N\u00e4idis"},"content":{"rendered":"\t\t<div data-elementor-type=\"product-post\" data-elementor-id=\"9822\" class=\"elementor elementor-9822 elementor-3904\">\n\t\t\t\t\t\t<div class=\"elementor-inner\">\n\t\t\t\t<div class=\"elementor-section-wrap\">\n\t\t\t\t\t\t\t\t\t<section class=\"elementor-section elementor-top-section elementor-element elementor-element-644d9512 elementor-section-boxed elementor-section-gap-beside-yes elementor-section-height-default elementor-section-height-default elementor-section-column-vertical-align-stretch\" data-id=\"644d9512\" data-element_type=\"section\">\n\t\t\t\t\t\t<div class=\"elementor-container elementor-column-gap-extended\">\n\t\t\t\t\t\t\t<div class=\"elementor-row\">\n\t\t\t\t\t<div class=\"elementor-column elementor-col-100 elementor-top-column elementor-element elementor-element-3a27a4ef\" data-id=\"3a27a4ef\" data-element_type=\"column\">\n\t\t\t<div class=\"elementor-column-wrap elementor-element-populated\">\n\t\t\t\t\t\t\t<div class=\"elementor-widget-wrap\">\n\t\t\t\t\t\t<div class=\"elementor-element elementor-element-3ddde10b elementor-widget elementor-widget-text-editor\" data-id=\"3ddde10b\" data-element_type=\"widget\" data-widget_type=\"text-editor.default\">\n\t\t\t\t<div class=\"elementor-widget-container\">\n\t\t\t\t\t\t\t\t<div class=\"elementor-text-editor elementor-clearfix\">\n\t\t\t\t<p>Loome teie tooteni\u0161i p\u00f5hjal kohandatud eBay kirje kirjelduse kujunduse.<\/p><p><strong>Tulemuse edastame teile HTML-koodi saates. Pakume koodi ka vormingus, mida saate kasutada oma kirjete \u00fcleslaadimiseks failivahetuse funktsiooniga.<\/strong><\/p><p>P\u00e4rast tasumist v\u00f5tame teiega \u00fchendust.<\/p><div><div><div><div><div><div><div><div><div><div><div role=\"tabpanel\" aria-labelledby=\"tab-title-description\">\u00a0<\/div><\/div><\/div><\/div><\/div><\/div><\/div><\/div><\/div><\/div><\/div><div><div><div><div><div><div data-elementor-type=\"footer\" data-elementor-id=\"230\" data-elementor-settings=\"[]\"><div><section data-id=\"5f5a865\" data-element_type=\"section\" data-settings=\"{&quot;stretch_section&quot;:&quot;section-stretched&quot;,&quot;background_background&quot;:&quot;classic&quot;}\"><div><div><div data-id=\"d838944\" data-element_type=\"column\"><div><div><div data-id=\"ebb9667\" data-element_type=\"widget\" data-widget_type=\"tm-heading.default\"><div><div>\u00a0<\/div><\/div><\/div><\/div><\/div><\/div><\/div><\/div><\/section><\/div><\/div><\/div><\/div><\/div><\/div><\/div>\t\t\t\t\t<\/div>\n\t\t\t\t\t\t<\/div>\n\t\t\t\t<\/div>\n\t\t\t\t\t\t<\/div>\n\t\t\t\t\t<\/div>\n\t\t<\/div>\n\t\t\t\t\t\t\t\t<\/div>\n\t\t\t\t\t<\/div>\n\t\t<\/section>\n\t\t\t\t\t\t\t\t\t<\/div>\n\t\t\t<\/div>\n\t\t\t\t\t<\/div>\n\t\t","protected":false},"excerpt":{"rendered":"<p>Loome teie tooteni\u0161i p\u00f5hjal kohandatud eBay kirje kirjelduse kujunduse. Tulemuse edastame teile HTML-koodi saates. Pakume koodi ka vormingus, mida saate kasutada oma kirjete \u00fcleslaadimiseks failivahetuse funktsiooniga. P\u00e4rast tasumist v\u00f5tame teiega \u00fchendust. \u00a0 \u00a0<\/p>\n","protected":false},"featured_media":9426,"template":"","meta":{"pmpro_default_level":0},"product_cat":[46],"product_tag":[],"yoast_head":"<!-- This site is optimized with the Yoast SEO plugin v17.3 - https:\/\/yoast.com\/wordpress\/plugins\/seo\/ -->\n<title>eBay Listing Unique HTML N\u00e4idis - GloberTop<\/title>\n<meta name=\"description\" content=\"Loome teie eBay kirje jaoks ainulaadse isikup\u00e4rastatud malli \u2013 t\u00e4ielikult teie vajaduste p\u00f5hjal. V\u00f5tke kohe \u00fchendust!\" \/>\n<meta name=\"robots\" content=\"index, follow, max-snippet:-1, max-image-preview:large, max-video-preview:-1\" \/>\n<link rel=\"canonical\" href=\"https:\/\/globertop.com\/et\/product\/ebay-listing-unique-html-naidis\/\" \/>\n<meta property=\"og:locale\" content=\"et_EE\" \/>\n<meta property=\"og:type\" content=\"article\" \/>\n<meta property=\"og:title\" content=\"eBay Listing Unique HTML N\u00e4idis - GloberTop\" \/>\n<meta property=\"og:description\" content=\"Loome teie eBay kirje jaoks ainulaadse isikup\u00e4rastatud malli \u2013 t\u00e4ielikult teie vajaduste p\u00f5hjal. V\u00f5tke kohe \u00fchendust!\" \/>\n<meta property=\"og:url\" content=\"https:\/\/globertop.com\/et\/product\/ebay-listing-unique-html-naidis\/\" \/>\n<meta property=\"og:site_name\" content=\"GloberTop\" \/>\n<meta property=\"article:modified_time\" content=\"2023-06-09T13:49:47+00:00\" \/>\n<meta property=\"og:image\" content=\"https:\/\/globertop.com\/wp-content\/uploads\/2020\/12\/ebay-dizainas.png\" \/>\n\t<meta property=\"og:image:width\" content=\"300\" \/>\n\t<meta property=\"og:image:height\" content=\"300\" \/>\n<meta name=\"twitter:card\" content=\"summary_large_image\" \/>\n<script type=\"application\/ld+json\" class=\"yoast-schema-graph\">{\"@context\":\"https:\/\/schema.org\",\"@graph\":[{\"@type\":\"WebSite\",\"@id\":\"https:\/\/globertop.com\/#website\",\"url\":\"https:\/\/globertop.com\/\",\"name\":\"GloberTop\",\"description\":\"eBay paslaugos ir mokymai\",\"potentialAction\":[{\"@type\":\"SearchAction\",\"target\":{\"@type\":\"EntryPoint\",\"urlTemplate\":\"https:\/\/globertop.com\/?s={search_term_string}\"},\"query-input\":\"required name=search_term_string\"}],\"inLanguage\":\"et\"},{\"@type\":\"ImageObject\",\"@id\":\"https:\/\/globertop.com\/et\/product\/ebay-listing-unique-html-naidis\/#primaryimage\",\"inLanguage\":\"et\",\"url\":\"https:\/\/globertop.com\/wp-content\/uploads\/2020\/12\/ebay-dizainas.png\",\"contentUrl\":\"https:\/\/globertop.com\/wp-content\/uploads\/2020\/12\/ebay-dizainas.png\",\"width\":300,\"height\":300},{\"@type\":\"WebPage\",\"@id\":\"https:\/\/globertop.com\/et\/product\/ebay-listing-unique-html-naidis\/#webpage\",\"url\":\"https:\/\/globertop.com\/et\/product\/ebay-listing-unique-html-naidis\/\",\"name\":\"eBay Listing Unique HTML N\\u00e4idis - GloberTop\",\"isPartOf\":{\"@id\":\"https:\/\/globertop.com\/#website\"},\"primaryImageOfPage\":{\"@id\":\"https:\/\/globertop.com\/et\/product\/ebay-listing-unique-html-naidis\/#primaryimage\"},\"datePublished\":\"2023-06-09T13:48:51+00:00\",\"dateModified\":\"2023-06-09T13:49:47+00:00\",\"description\":\"Loome teie eBay kirje jaoks ainulaadse isikup\\u00e4rastatud malli \\u2013 t\\u00e4ielikult teie vajaduste p\\u00f5hjal. V\\u00f5tke kohe \\u00fchendust!\",\"breadcrumb\":{\"@id\":\"https:\/\/globertop.com\/et\/product\/ebay-listing-unique-html-naidis\/#breadcrumb\"},\"inLanguage\":\"et\",\"potentialAction\":[{\"@type\":\"ReadAction\",\"target\":[\"https:\/\/globertop.com\/et\/product\/ebay-listing-unique-html-naidis\/\"]}]},{\"@type\":\"BreadcrumbList\",\"@id\":\"https:\/\/globertop.com\/et\/product\/ebay-listing-unique-html-naidis\/#breadcrumb\",\"itemListElement\":[{\"@type\":\"ListItem\",\"position\":1,\"name\":\"Home\",\"item\":\"https:\/\/globertop.com\/et\/\"},{\"@type\":\"ListItem\",\"position\":2,\"name\":\"Teenused\",\"item\":\"https:\/\/globertop.com\/et\/ebay-teenused\/\"},{\"@type\":\"ListItem\",\"position\":3,\"name\":\"eBay Listing Unique HTML N\\u00e4idis\"}]}]}<\/script>\n<!-- \/ Yoast SEO plugin. -->","yoast_head_json":{"title":"eBay Listing Unique HTML N\u00e4idis - GloberTop","description":"Loome teie eBay kirje jaoks ainulaadse isikup\u00e4rastatud malli \u2013 t\u00e4ielikult teie vajaduste p\u00f5hjal. V\u00f5tke kohe \u00fchendust!","robots":{"index":"index","follow":"follow","max-snippet":"max-snippet:-1","max-image-preview":"max-image-preview:large","max-video-preview":"max-video-preview:-1"},"canonical":"https:\/\/globertop.com\/et\/product\/ebay-listing-unique-html-naidis\/","og_locale":"et_EE","og_type":"article","og_title":"eBay Listing Unique HTML N\u00e4idis - GloberTop","og_description":"Loome teie eBay kirje jaoks ainulaadse isikup\u00e4rastatud malli \u2013 t\u00e4ielikult teie vajaduste p\u00f5hjal. V\u00f5tke kohe \u00fchendust!","og_url":"https:\/\/globertop.com\/et\/product\/ebay-listing-unique-html-naidis\/","og_site_name":"GloberTop","article_modified_time":"2023-06-09T13:49:47+00:00","og_image":[{"width":300,"height":300,"url":"https:\/\/globertop.com\/wp-content\/uploads\/2020\/12\/ebay-dizainas.png","type":"image\/png"}],"twitter_card":"summary_large_image","schema":{"@context":"https:\/\/schema.org","@graph":[{"@type":"WebSite","@id":"https:\/\/globertop.com\/#website","url":"https:\/\/globertop.com\/","name":"GloberTop","description":"eBay paslaugos ir mokymai","potentialAction":[{"@type":"SearchAction","target":{"@type":"EntryPoint","urlTemplate":"https:\/\/globertop.com\/?s={search_term_string}"},"query-input":"required name=search_term_string"}],"inLanguage":"et"},{"@type":"ImageObject","@id":"https:\/\/globertop.com\/et\/product\/ebay-listing-unique-html-naidis\/#primaryimage","inLanguage":"et","url":"https:\/\/globertop.com\/wp-content\/uploads\/2020\/12\/ebay-dizainas.png","contentUrl":"https:\/\/globertop.com\/wp-content\/uploads\/2020\/12\/ebay-dizainas.png","width":300,"height":300},{"@type":"WebPage","@id":"https:\/\/globertop.com\/et\/product\/ebay-listing-unique-html-naidis\/#webpage","url":"https:\/\/globertop.com\/et\/product\/ebay-listing-unique-html-naidis\/","name":"eBay Listing Unique HTML N\u00e4idis - GloberTop","isPartOf":{"@id":"https:\/\/globertop.com\/#website"},"primaryImageOfPage":{"@id":"https:\/\/globertop.com\/et\/product\/ebay-listing-unique-html-naidis\/#primaryimage"},"datePublished":"2023-06-09T13:48:51+00:00","dateModified":"2023-06-09T13:49:47+00:00","description":"Loome teie eBay kirje jaoks ainulaadse isikup\u00e4rastatud malli \u2013 t\u00e4ielikult teie vajaduste p\u00f5hjal. V\u00f5tke kohe \u00fchendust!","breadcrumb":{"@id":"https:\/\/globertop.com\/et\/product\/ebay-listing-unique-html-naidis\/#breadcrumb"},"inLanguage":"et","potentialAction":[{"@type":"ReadAction","target":["https:\/\/globertop.com\/et\/product\/ebay-listing-unique-html-naidis\/"]}]},{"@type":"BreadcrumbList","@id":"https:\/\/globertop.com\/et\/product\/ebay-listing-unique-html-naidis\/#breadcrumb","itemListElement":[{"@type":"ListItem","position":1,"name":"Home","item":"https:\/\/globertop.com\/et\/"},{"@type":"ListItem","position":2,"name":"Teenused","item":"https:\/\/globertop.com\/et\/ebay-teenused\/"},{"@type":"ListItem","position":3,"name":"eBay Listing Unique HTML N\u00e4idis"}]}]}},"_links":{"self":[{"href":"https:\/\/globertop.com\/et\/wp-json\/wp\/v2\/product\/9822"}],"collection":[{"href":"https:\/\/globertop.com\/et\/wp-json\/wp\/v2\/product"}],"about":[{"href":"https:\/\/globertop.com\/et\/wp-json\/wp\/v2\/types\/product"}],"version-history":[{"count":3,"href":"https:\/\/globertop.com\/et\/wp-json\/wp\/v2\/product\/9822\/revisions"}],"predecessor-version":[{"id":9826,"href":"https:\/\/globertop.com\/et\/wp-json\/wp\/v2\/product\/9822\/revisions\/9826"}],"wp:featuredmedia":[{"embeddable":true,"href":"https:\/\/globertop.com\/et\/wp-json\/wp\/v2\/media\/9426"}],"wp:attachment":[{"href":"https:\/\/globertop.com\/et\/wp-json\/wp\/v2\/media?parent=9822"}],"wp:term":[{"taxonomy":"product_cat","embeddable":true,"href":"https:\/\/globertop.com\/et\/wp-json\/wp\/v2\/product_cat?post=9822"},{"taxonomy":"product_tag","embeddable":true,"href":"https:\/\/globertop.com\/et\/wp-json\/wp\/v2\/product_tag?post=9822"}],"curies":[{"name":"wp","href":"https:\/\/api.w.org\/{rel}","templated":true}]}}