{"id":9820,"date":"2020-12-29T14:18:13","date_gmt":"2023-06-09T13:47:18","guid":{"rendered":"https:\/\/globertop.com\/?post_type=product&#038;p=9820"},"modified":"2023-06-09T16:47:18","modified_gmt":"2023-06-09T13:47:18","slug":"ebay-konto-audit","status":"publish","type":"product","link":"https:\/\/globertop.com\/et\/product\/ebay-konto-audit\/","title":{"rendered":"eBay konto audit"},"content":{"rendered":"<p>Vaatame teie eBay konto \u00fcksikasjalikult \u00fcle ja esitame teile kirjaliku aruande v\u00f5i esitame oma j\u00e4reldused videok\u00f5ne\/reaalajas koosoleku kaudu<\/p>\n<p>P\u00e4rast tasumist v\u00f5tame teiega \u00fchendust.<\/p>\n","protected":false},"excerpt":{"rendered":"<p>Vaatame teie eBay konto \u00fcksikasjalikult \u00fcle ja esitame teile kirjaliku aruande v\u00f5i esitame oma j\u00e4reldused videok\u00f5ne\/reaalajas koosoleku kaudu P\u00e4rast tasumist v\u00f5tame teiega \u00fchendust.<\/p>\n","protected":false},"featured_media":9424,"template":"","meta":{"pmpro_default_level":0},"product_cat":[46],"product_tag":[],"yoast_head":"<!-- This site is optimized with the Yoast SEO plugin v17.3 - https:\/\/yoast.com\/wordpress\/plugins\/seo\/ -->\n<title>eBay konto audit - GloberTop<\/title>\n<meta name=\"description\" content=\"Auditi k\u00e4igus hindame teie eBay konto tervist, probleeme ja kasutamata potentsiaali. V\u00f5tke meiega kohe \u00fchendust.\" \/>\n<meta name=\"robots\" content=\"index, follow, max-snippet:-1, max-image-preview:large, max-video-preview:-1\" \/>\n<link rel=\"canonical\" href=\"https:\/\/globertop.com\/et\/product\/ebay-konto-audit\/\" \/>\n<meta property=\"og:locale\" content=\"et_EE\" \/>\n<meta property=\"og:type\" content=\"article\" \/>\n<meta property=\"og:title\" content=\"eBay konto audit - GloberTop\" \/>\n<meta property=\"og:description\" content=\"Auditi k\u00e4igus hindame teie eBay konto tervist, probleeme ja kasutamata potentsiaali. V\u00f5tke meiega kohe \u00fchendust.\" \/>\n<meta property=\"og:url\" content=\"https:\/\/globertop.com\/et\/product\/ebay-konto-audit\/\" \/>\n<meta property=\"og:site_name\" content=\"GloberTop\" \/>\n<meta property=\"og:image\" content=\"https:\/\/globertop.com\/wp-content\/uploads\/2020\/12\/ebay-paskyros-auditas.png\" \/>\n\t<meta property=\"og:image:width\" content=\"300\" \/>\n\t<meta property=\"og:image:height\" content=\"300\" \/>\n<meta name=\"twitter:card\" content=\"summary_large_image\" \/>\n<meta name=\"twitter:label1\" content=\"Est. reading time\" \/>\n\t<meta name=\"twitter:data1\" content=\"1 minut\" \/>\n<script type=\"application\/ld+json\" class=\"yoast-schema-graph\">{\"@context\":\"https:\/\/schema.org\",\"@graph\":[{\"@type\":\"WebSite\",\"@id\":\"https:\/\/globertop.com\/#website\",\"url\":\"https:\/\/globertop.com\/\",\"name\":\"GloberTop\",\"description\":\"eBay paslaugos ir mokymai\",\"potentialAction\":[{\"@type\":\"SearchAction\",\"target\":{\"@type\":\"EntryPoint\",\"urlTemplate\":\"https:\/\/globertop.com\/?s={search_term_string}\"},\"query-input\":\"required name=search_term_string\"}],\"inLanguage\":\"et\"},{\"@type\":\"ImageObject\",\"@id\":\"https:\/\/globertop.com\/et\/product\/ebay-konto-audit\/#primaryimage\",\"inLanguage\":\"et\",\"url\":\"https:\/\/globertop.com\/wp-content\/uploads\/2020\/12\/ebay-paskyros-auditas.png\",\"contentUrl\":\"https:\/\/globertop.com\/wp-content\/uploads\/2020\/12\/ebay-paskyros-auditas.png\",\"width\":300,\"height\":300},{\"@type\":\"WebPage\",\"@id\":\"https:\/\/globertop.com\/et\/product\/ebay-konto-audit\/#webpage\",\"url\":\"https:\/\/globertop.com\/et\/product\/ebay-konto-audit\/\",\"name\":\"eBay konto audit - GloberTop\",\"isPartOf\":{\"@id\":\"https:\/\/globertop.com\/#website\"},\"primaryImageOfPage\":{\"@id\":\"https:\/\/globertop.com\/et\/product\/ebay-konto-audit\/#primaryimage\"},\"datePublished\":\"2023-06-09T13:47:18+00:00\",\"dateModified\":\"2023-06-09T13:47:18+00:00\",\"description\":\"Auditi k\\u00e4igus hindame teie eBay konto tervist, probleeme ja kasutamata potentsiaali. V\\u00f5tke meiega kohe \\u00fchendust.\",\"breadcrumb\":{\"@id\":\"https:\/\/globertop.com\/et\/product\/ebay-konto-audit\/#breadcrumb\"},\"inLanguage\":\"et\",\"potentialAction\":[{\"@type\":\"ReadAction\",\"target\":[\"https:\/\/globertop.com\/et\/product\/ebay-konto-audit\/\"]}]},{\"@type\":\"BreadcrumbList\",\"@id\":\"https:\/\/globertop.com\/et\/product\/ebay-konto-audit\/#breadcrumb\",\"itemListElement\":[{\"@type\":\"ListItem\",\"position\":1,\"name\":\"Home\",\"item\":\"https:\/\/globertop.com\/et\/\"},{\"@type\":\"ListItem\",\"position\":2,\"name\":\"Teenused\",\"item\":\"https:\/\/globertop.com\/et\/ebay-teenused\/\"},{\"@type\":\"ListItem\",\"position\":3,\"name\":\"eBay konto audit\"}]}]}<\/script>\n<!-- \/ Yoast SEO plugin. -->","yoast_head_json":{"title":"eBay konto audit - GloberTop","description":"Auditi k\u00e4igus hindame teie eBay konto tervist, probleeme ja kasutamata potentsiaali. V\u00f5tke meiega kohe \u00fchendust.","robots":{"index":"index","follow":"follow","max-snippet":"max-snippet:-1","max-image-preview":"max-image-preview:large","max-video-preview":"max-video-preview:-1"},"canonical":"https:\/\/globertop.com\/et\/product\/ebay-konto-audit\/","og_locale":"et_EE","og_type":"article","og_title":"eBay konto audit - GloberTop","og_description":"Auditi k\u00e4igus hindame teie eBay konto tervist, probleeme ja kasutamata potentsiaali. V\u00f5tke meiega kohe \u00fchendust.","og_url":"https:\/\/globertop.com\/et\/product\/ebay-konto-audit\/","og_site_name":"GloberTop","og_image":[{"width":300,"height":300,"url":"https:\/\/globertop.com\/wp-content\/uploads\/2020\/12\/ebay-paskyros-auditas.png","type":"image\/png"}],"twitter_card":"summary_large_image","twitter_misc":{"Est. reading time":"1 minut"},"schema":{"@context":"https:\/\/schema.org","@graph":[{"@type":"WebSite","@id":"https:\/\/globertop.com\/#website","url":"https:\/\/globertop.com\/","name":"GloberTop","description":"eBay paslaugos ir mokymai","potentialAction":[{"@type":"SearchAction","target":{"@type":"EntryPoint","urlTemplate":"https:\/\/globertop.com\/?s={search_term_string}"},"query-input":"required name=search_term_string"}],"inLanguage":"et"},{"@type":"ImageObject","@id":"https:\/\/globertop.com\/et\/product\/ebay-konto-audit\/#primaryimage","inLanguage":"et","url":"https:\/\/globertop.com\/wp-content\/uploads\/2020\/12\/ebay-paskyros-auditas.png","contentUrl":"https:\/\/globertop.com\/wp-content\/uploads\/2020\/12\/ebay-paskyros-auditas.png","width":300,"height":300},{"@type":"WebPage","@id":"https:\/\/globertop.com\/et\/product\/ebay-konto-audit\/#webpage","url":"https:\/\/globertop.com\/et\/product\/ebay-konto-audit\/","name":"eBay konto audit - GloberTop","isPartOf":{"@id":"https:\/\/globertop.com\/#website"},"primaryImageOfPage":{"@id":"https:\/\/globertop.com\/et\/product\/ebay-konto-audit\/#primaryimage"},"datePublished":"2023-06-09T13:47:18+00:00","dateModified":"2023-06-09T13:47:18+00:00","description":"Auditi k\u00e4igus hindame teie eBay konto tervist, probleeme ja kasutamata potentsiaali. V\u00f5tke meiega kohe \u00fchendust.","breadcrumb":{"@id":"https:\/\/globertop.com\/et\/product\/ebay-konto-audit\/#breadcrumb"},"inLanguage":"et","potentialAction":[{"@type":"ReadAction","target":["https:\/\/globertop.com\/et\/product\/ebay-konto-audit\/"]}]},{"@type":"BreadcrumbList","@id":"https:\/\/globertop.com\/et\/product\/ebay-konto-audit\/#breadcrumb","itemListElement":[{"@type":"ListItem","position":1,"name":"Home","item":"https:\/\/globertop.com\/et\/"},{"@type":"ListItem","position":2,"name":"Teenused","item":"https:\/\/globertop.com\/et\/ebay-teenused\/"},{"@type":"ListItem","position":3,"name":"eBay konto audit"}]}]}},"_links":{"self":[{"href":"https:\/\/globertop.com\/et\/wp-json\/wp\/v2\/product\/9820"}],"collection":[{"href":"https:\/\/globertop.com\/et\/wp-json\/wp\/v2\/product"}],"about":[{"href":"https:\/\/globertop.com\/et\/wp-json\/wp\/v2\/types\/product"}],"version-history":[{"count":1,"href":"https:\/\/globertop.com\/et\/wp-json\/wp\/v2\/product\/9820\/revisions"}],"predecessor-version":[{"id":9821,"href":"https:\/\/globertop.com\/et\/wp-json\/wp\/v2\/product\/9820\/revisions\/9821"}],"wp:featuredmedia":[{"embeddable":true,"href":"https:\/\/globertop.com\/et\/wp-json\/wp\/v2\/media\/9424"}],"wp:attachment":[{"href":"https:\/\/globertop.com\/et\/wp-json\/wp\/v2\/media?parent=9820"}],"wp:term":[{"taxonomy":"product_cat","embeddable":true,"href":"https:\/\/globertop.com\/et\/wp-json\/wp\/v2\/product_cat?post=9820"},{"taxonomy":"product_tag","embeddable":true,"href":"https:\/\/globertop.com\/et\/wp-json\/wp\/v2\/product_tag?post=9820"}],"curies":[{"name":"wp","href":"https:\/\/api.w.org\/{rel}","templated":true}]}}