{"id":9818,"date":"2020-12-29T13:40:10","date_gmt":"2023-06-09T13:45:27","guid":{"rendered":"https:\/\/globertop.com\/?post_type=product&#038;p=9818"},"modified":"2023-06-09T16:45:27","modified_gmt":"2023-06-09T13:45:27","slug":"ebay-konsultatsioon-1-tund","status":"publish","type":"product","link":"https:\/\/globertop.com\/et\/product\/ebay-konsultatsioon-1-tund\/","title":{"rendered":"eBay konsultatsioon (1 tund)"},"content":{"rendered":"<p><strong>Kui m\u00fc\u00fcte juba eBays, siis konsultatsiooni ajal:<\/strong><\/p>\n<ul>\n<li>Vaatame \u00fcle teie konto praeguse oleku<\/li>\n<li>Koos selgitame v\u00e4lja olemasolevad probleemid ja pakume v\u00e4lja viise nende lahendamiseks<\/li>\n<li>Jagame oma soovitusi selle kohta, kuidas saate m\u00fc\u00fcki suurendada ja oma eBay kontot t\u00f5husamalt hallata<\/li>\n<li>Juba enne konsultatsiooni teeme teie eBay konto v\u00e4lisauditi ja arutame seda<\/li>\n<li>Vastame k\u00f5igile teie k\u00fcsimustele<\/li>\n<\/ul>\n<p><strong>Kui te veel eBays ei m\u00fc\u00fc, tehke konsultatsiooni ajal j\u00e4rgmist.<\/strong><\/p>\n<ul>\n<li>Arutame teie v\u00f5imalusi ja potentsiaali eBay platvormil<\/li>\n<li>Aitame teil kokku panna eBay kauplemisstrateegia ja koostada samm-sammult t\u00f6\u00f6plaani<\/li>\n<li>Tagame reeglite rikkumiste ennetamise<\/li>\n<li>Vastame k\u00f5igile teie k\u00fcsimustele<\/li>\n<\/ul>\n<p><strong>Otsesed konsultatsioonid toimuvad Leedus Vilniuses (kutsume k\u00fclalised oma kontorisse ja pakume maitsvat kohvi) v\u00f5i kaugjuhtimisega k\u00f5ikjalt. Aeg lepitakse teiega eelnevalt kokku. P\u00e4rast makse sooritamist v\u00f5tame teiega \u00fchendust.<\/strong><\/p>\n","protected":false},"excerpt":{"rendered":"<p>Kui m\u00fc\u00fcte juba eBays, siis konsultatsiooni ajal: Vaatame \u00fcle teie konto praeguse oleku Koos selgitame v\u00e4lja olemasolevad probleemid ja pakume v\u00e4lja viise nende lahendamiseks Jagame oma soovitusi selle kohta, kuidas saate m\u00fc\u00fcki suurendada ja oma eBay kontot t\u00f5husamalt hallata Juba enne konsultatsiooni teeme teie eBay konto v\u00e4lisauditi ja arutame seda Vastame k\u00f5igile teie k\u00fcsimustele Kui te veel eBays ei m\u00fc\u00fc, tehke konsultatsiooni ajal j\u00e4rgmist. Arutame teie v\u00f5imalusi ja potentsiaali eBay platvormil Aitame teil kokku panna eBay kauplemisstrateegia ja koostada samm-sammult t\u00f6\u00f6plaani Tagame reeglite rikkumiste ennetamise Vastame k\u00f5igile teie k\u00fcsimustele Otsesed konsultatsioonid toimuvad Leedus Vilniuses (kutsume k\u00fclalised oma kontorisse ja pakume maitsvat kohvi) v\u00f5i kaugjuhtimisega k\u00f5ikjalt. Aeg lepitakse teiega eelnevalt kokku. P\u00e4rast makse sooritamist v\u00f5tame teiega \u00fchendust.<\/p>\n","protected":false},"featured_media":9422,"template":"","meta":{"pmpro_default_level":0},"product_cat":[46],"product_tag":[],"yoast_head":"<!-- This site is optimized with the Yoast SEO plugin v17.3 - https:\/\/yoast.com\/wordpress\/plugins\/seo\/ -->\n<title>eBay konsultatsioon (1 tund) - GloberTop<\/title>\n<meta name=\"description\" content=\"Praktilised eBay n\u00f5uanded ettev\u00f5tetele ja eraisikutele. Vaatame teie eBay probleeme ja jagame oma soovitusi.\" \/>\n<meta name=\"robots\" content=\"index, follow, max-snippet:-1, max-image-preview:large, max-video-preview:-1\" \/>\n<link rel=\"canonical\" href=\"https:\/\/globertop.com\/et\/product\/ebay-konsultatsioon-1-tund\/\" \/>\n<meta property=\"og:locale\" content=\"et_EE\" \/>\n<meta property=\"og:type\" content=\"article\" \/>\n<meta property=\"og:title\" content=\"eBay konsultatsioon (1 tund) - GloberTop\" \/>\n<meta property=\"og:description\" content=\"Praktilised eBay n\u00f5uanded ettev\u00f5tetele ja eraisikutele. Vaatame teie eBay probleeme ja jagame oma soovitusi.\" \/>\n<meta property=\"og:url\" content=\"https:\/\/globertop.com\/et\/product\/ebay-konsultatsioon-1-tund\/\" \/>\n<meta property=\"og:site_name\" content=\"GloberTop\" \/>\n<meta property=\"og:image\" content=\"https:\/\/globertop.com\/wp-content\/uploads\/2020\/12\/ebay-pagalba-konsultacijos.png\" \/>\n\t<meta property=\"og:image:width\" content=\"300\" \/>\n\t<meta property=\"og:image:height\" content=\"300\" \/>\n<meta name=\"twitter:card\" content=\"summary_large_image\" \/>\n<meta name=\"twitter:label1\" content=\"Est. reading time\" \/>\n\t<meta name=\"twitter:data1\" content=\"1 minut\" \/>\n<script type=\"application\/ld+json\" class=\"yoast-schema-graph\">{\"@context\":\"https:\/\/schema.org\",\"@graph\":[{\"@type\":\"WebSite\",\"@id\":\"https:\/\/globertop.com\/#website\",\"url\":\"https:\/\/globertop.com\/\",\"name\":\"GloberTop\",\"description\":\"eBay paslaugos ir mokymai\",\"potentialAction\":[{\"@type\":\"SearchAction\",\"target\":{\"@type\":\"EntryPoint\",\"urlTemplate\":\"https:\/\/globertop.com\/?s={search_term_string}\"},\"query-input\":\"required name=search_term_string\"}],\"inLanguage\":\"et\"},{\"@type\":\"ImageObject\",\"@id\":\"https:\/\/globertop.com\/et\/product\/ebay-konsultatsioon-1-tund\/#primaryimage\",\"inLanguage\":\"et\",\"url\":\"https:\/\/globertop.com\/wp-content\/uploads\/2020\/12\/ebay-pagalba-konsultacijos.png\",\"contentUrl\":\"https:\/\/globertop.com\/wp-content\/uploads\/2020\/12\/ebay-pagalba-konsultacijos.png\",\"width\":300,\"height\":300},{\"@type\":\"WebPage\",\"@id\":\"https:\/\/globertop.com\/et\/product\/ebay-konsultatsioon-1-tund\/#webpage\",\"url\":\"https:\/\/globertop.com\/et\/product\/ebay-konsultatsioon-1-tund\/\",\"name\":\"eBay konsultatsioon (1 tund) - GloberTop\",\"isPartOf\":{\"@id\":\"https:\/\/globertop.com\/#website\"},\"primaryImageOfPage\":{\"@id\":\"https:\/\/globertop.com\/et\/product\/ebay-konsultatsioon-1-tund\/#primaryimage\"},\"datePublished\":\"2023-06-09T13:45:27+00:00\",\"dateModified\":\"2023-06-09T13:45:27+00:00\",\"description\":\"Praktilised eBay n\\u00f5uanded ettev\\u00f5tetele ja eraisikutele. Vaatame teie eBay probleeme ja jagame oma soovitusi.\",\"breadcrumb\":{\"@id\":\"https:\/\/globertop.com\/et\/product\/ebay-konsultatsioon-1-tund\/#breadcrumb\"},\"inLanguage\":\"et\",\"potentialAction\":[{\"@type\":\"ReadAction\",\"target\":[\"https:\/\/globertop.com\/et\/product\/ebay-konsultatsioon-1-tund\/\"]}]},{\"@type\":\"BreadcrumbList\",\"@id\":\"https:\/\/globertop.com\/et\/product\/ebay-konsultatsioon-1-tund\/#breadcrumb\",\"itemListElement\":[{\"@type\":\"ListItem\",\"position\":1,\"name\":\"Home\",\"item\":\"https:\/\/globertop.com\/et\/\"},{\"@type\":\"ListItem\",\"position\":2,\"name\":\"Teenused\",\"item\":\"https:\/\/globertop.com\/et\/ebay-teenused\/\"},{\"@type\":\"ListItem\",\"position\":3,\"name\":\"eBay konsultatsioon (1 tund)\"}]}]}<\/script>\n<!-- \/ Yoast SEO plugin. -->","yoast_head_json":{"title":"eBay konsultatsioon (1 tund) - GloberTop","description":"Praktilised eBay n\u00f5uanded ettev\u00f5tetele ja eraisikutele. Vaatame teie eBay probleeme ja jagame oma soovitusi.","robots":{"index":"index","follow":"follow","max-snippet":"max-snippet:-1","max-image-preview":"max-image-preview:large","max-video-preview":"max-video-preview:-1"},"canonical":"https:\/\/globertop.com\/et\/product\/ebay-konsultatsioon-1-tund\/","og_locale":"et_EE","og_type":"article","og_title":"eBay konsultatsioon (1 tund) - GloberTop","og_description":"Praktilised eBay n\u00f5uanded ettev\u00f5tetele ja eraisikutele. Vaatame teie eBay probleeme ja jagame oma soovitusi.","og_url":"https:\/\/globertop.com\/et\/product\/ebay-konsultatsioon-1-tund\/","og_site_name":"GloberTop","og_image":[{"width":300,"height":300,"url":"https:\/\/globertop.com\/wp-content\/uploads\/2020\/12\/ebay-pagalba-konsultacijos.png","type":"image\/png"}],"twitter_card":"summary_large_image","twitter_misc":{"Est. reading time":"1 minut"},"schema":{"@context":"https:\/\/schema.org","@graph":[{"@type":"WebSite","@id":"https:\/\/globertop.com\/#website","url":"https:\/\/globertop.com\/","name":"GloberTop","description":"eBay paslaugos ir mokymai","potentialAction":[{"@type":"SearchAction","target":{"@type":"EntryPoint","urlTemplate":"https:\/\/globertop.com\/?s={search_term_string}"},"query-input":"required name=search_term_string"}],"inLanguage":"et"},{"@type":"ImageObject","@id":"https:\/\/globertop.com\/et\/product\/ebay-konsultatsioon-1-tund\/#primaryimage","inLanguage":"et","url":"https:\/\/globertop.com\/wp-content\/uploads\/2020\/12\/ebay-pagalba-konsultacijos.png","contentUrl":"https:\/\/globertop.com\/wp-content\/uploads\/2020\/12\/ebay-pagalba-konsultacijos.png","width":300,"height":300},{"@type":"WebPage","@id":"https:\/\/globertop.com\/et\/product\/ebay-konsultatsioon-1-tund\/#webpage","url":"https:\/\/globertop.com\/et\/product\/ebay-konsultatsioon-1-tund\/","name":"eBay konsultatsioon (1 tund) - GloberTop","isPartOf":{"@id":"https:\/\/globertop.com\/#website"},"primaryImageOfPage":{"@id":"https:\/\/globertop.com\/et\/product\/ebay-konsultatsioon-1-tund\/#primaryimage"},"datePublished":"2023-06-09T13:45:27+00:00","dateModified":"2023-06-09T13:45:27+00:00","description":"Praktilised eBay n\u00f5uanded ettev\u00f5tetele ja eraisikutele. Vaatame teie eBay probleeme ja jagame oma soovitusi.","breadcrumb":{"@id":"https:\/\/globertop.com\/et\/product\/ebay-konsultatsioon-1-tund\/#breadcrumb"},"inLanguage":"et","potentialAction":[{"@type":"ReadAction","target":["https:\/\/globertop.com\/et\/product\/ebay-konsultatsioon-1-tund\/"]}]},{"@type":"BreadcrumbList","@id":"https:\/\/globertop.com\/et\/product\/ebay-konsultatsioon-1-tund\/#breadcrumb","itemListElement":[{"@type":"ListItem","position":1,"name":"Home","item":"https:\/\/globertop.com\/et\/"},{"@type":"ListItem","position":2,"name":"Teenused","item":"https:\/\/globertop.com\/et\/ebay-teenused\/"},{"@type":"ListItem","position":3,"name":"eBay konsultatsioon (1 tund)"}]}]}},"_links":{"self":[{"href":"https:\/\/globertop.com\/et\/wp-json\/wp\/v2\/product\/9818"}],"collection":[{"href":"https:\/\/globertop.com\/et\/wp-json\/wp\/v2\/product"}],"about":[{"href":"https:\/\/globertop.com\/et\/wp-json\/wp\/v2\/types\/product"}],"version-history":[{"count":1,"href":"https:\/\/globertop.com\/et\/wp-json\/wp\/v2\/product\/9818\/revisions"}],"predecessor-version":[{"id":9819,"href":"https:\/\/globertop.com\/et\/wp-json\/wp\/v2\/product\/9818\/revisions\/9819"}],"wp:featuredmedia":[{"embeddable":true,"href":"https:\/\/globertop.com\/et\/wp-json\/wp\/v2\/media\/9422"}],"wp:attachment":[{"href":"https:\/\/globertop.com\/et\/wp-json\/wp\/v2\/media?parent=9818"}],"wp:term":[{"taxonomy":"product_cat","embeddable":true,"href":"https:\/\/globertop.com\/et\/wp-json\/wp\/v2\/product_cat?post=9818"},{"taxonomy":"product_tag","embeddable":true,"href":"https:\/\/globertop.com\/et\/wp-json\/wp\/v2\/product_tag?post=9818"}],"curies":[{"name":"wp","href":"https:\/\/api.w.org\/{rel}","templated":true}]}}