{"id":9803,"date":"2020-01-15T09:58:07","date_gmt":"2020-01-15T09:58:07","guid":{"rendered":"https:\/\/globertop.com\/terms-of-service\/"},"modified":"2023-06-09T16:34:27","modified_gmt":"2023-06-09T13:34:27","slug":"kasutustingimused","status":"publish","type":"page","link":"https:\/\/globertop.com\/et\/kasutustingimused\/","title":{"rendered":"Kasutustingimused"},"content":{"rendered":"\t\t<div data-elementor-type=\"wp-page\" data-elementor-id=\"9803\" class=\"elementor elementor-9803 elementor-1642\">\n\t\t\t\t\t\t<div class=\"elementor-inner\">\n\t\t\t\t<div class=\"elementor-section-wrap\">\n\t\t\t\t\t\t\t\t\t<section class=\"elementor-section elementor-top-section elementor-element elementor-element-77de25b4 elementor-section-boxed elementor-section-gap-beside-yes elementor-section-height-default elementor-section-height-default elementor-section-column-vertical-align-stretch\" data-id=\"77de25b4\" data-element_type=\"section\">\n\t\t\t\t\t\t<div class=\"elementor-container elementor-column-gap-extended\">\n\t\t\t\t\t\t\t<div class=\"elementor-row\">\n\t\t\t\t\t<div class=\"elementor-column elementor-col-100 elementor-top-column elementor-element elementor-element-1b10998\" data-id=\"1b10998\" data-element_type=\"column\">\n\t\t\t<div class=\"elementor-column-wrap elementor-element-populated\">\n\t\t\t\t\t\t\t<div class=\"elementor-widget-wrap\">\n\t\t\t\t\t\t<div class=\"elementor-element elementor-element-4b8b397 elementor-widget elementor-widget-text-editor\" data-id=\"4b8b397\" data-element_type=\"widget\" data-widget_type=\"text-editor.default\">\n\t\t\t\t<div class=\"elementor-widget-container\">\n\t\t\t\t\t\t\t\t<div class=\"elementor-text-editor elementor-clearfix\">\n\t\t\t\t<h3>Meie veebisait<\/h3><p>Meie veebisait: https:\/\/globertop.com<\/p><h3>P\u00f5him\u00f5istete, \u00f5iguste ja piirangute m\u00e4\u00e4ratlused.<br \/><br \/>V\u00f5tmes\u00f5nad:<\/h3><p>Need reeglid m\u00e4\u00e4ratlevad tingimused Amur Ltd poolt veebip\u00f5hise koolituse pakkumiseks teie (edaspidi &#8211; &#8220;Klient&#8221;) ja &#8220;Amur Ltd&#8221; (edaspidi &#8211; &#8220;Teenusepakkuja&#8221;) vahel seoses tingimustega, mille alusel teenusepakkuja pakub Klient, kellel on juurdep\u00e4\u00e4s ostetud veebikoolitusele (v\u00f5i nende osadele).<\/p><h4>\u00d5igused ja piirangud:<\/h4><ol><li><p>Klient kohustub mitte levitama ostetud koolitust v\u00f5i koolituse osi, mis on saadaval veebilehel https:\/\/globertop.com. Selle reegli eiramine toob kaasa<\/p><\/li><li><p>Kliendi eemaldamise koolituselt ilma eraldi hoiatuseta ja v\u00f5idakse v\u00f5tta juriidiliselt vastutusele.<\/p><\/li><li><p>Koolitusvideod on saadaval videovoogu ja neid ei saa alla laadida.<\/p><\/li><li><p>Ostule vastav veebikursuse osa on Kliendile k\u00e4ttesaadav seni, kuni kursust toetab Teenusepakkuja, mis on v\u00e4hemalt aasta p\u00e4rast koolituse ostmist.<\/p><\/li><li><p>Klient m\u00f5istab, et teenuste osutamisel v\u00f5i teenuse osutamise vastavas osas osalemise edukus s\u00f5ltub ainult Kliendist endast. Teenusepakkuja ei v\u00f5ta<\/p><\/li><li><p>Kliendi tulemuste eest juriidilist vastutust.<\/p><\/li><li><p>Klient kinnitab, et on Teenusepakkujalt teenuseid tellides tutvunud teenuse kirjelduse ja tingimustega.<\/p><\/li><\/ol>\t\t\t\t\t<\/div>\n\t\t\t\t\t\t<\/div>\n\t\t\t\t<\/div>\n\t\t\t\t\t\t<\/div>\n\t\t\t\t\t<\/div>\n\t\t<\/div>\n\t\t\t\t\t\t\t\t<\/div>\n\t\t\t\t\t<\/div>\n\t\t<\/section>\n\t\t\t\t\t\t\t\t\t<\/div>\n\t\t\t<\/div>\n\t\t\t\t\t<\/div>\n\t\t","protected":false},"excerpt":{"rendered":"<p>Meie veebisait Meie veebisait: https:\/\/globertop.com P\u00f5him\u00f5istete, \u00f5iguste ja piirangute m\u00e4\u00e4ratlused. V\u00f5tmes\u00f5nad: Need reeglid m\u00e4\u00e4ratlevad tingimused Amur Ltd poolt veebip\u00f5hise koolituse pakkumiseks teie (edaspidi &#8211; &#8220;Klient&#8221;) ja &#8220;Amur Ltd&#8221; (edaspidi &#8211; &#8220;Teenusepakkuja&#8221;) vahel seoses tingimustega, mille alusel teenusepakkuja pakub Klient, kellel on juurdep\u00e4\u00e4s ostetud veebikoolitusele (v\u00f5i nende osadele). \u00d5igused ja piirangud: Klient kohustub mitte levitama ostetud koolitust v\u00f5i koolituse osi, mis on saadaval veebilehel https:\/\/globertop.com. Selle reegli eiramine toob kaasa Kliendi eemaldamise koolituselt ilma eraldi hoiatuseta ja v\u00f5idakse v\u00f5tta juriidiliselt vastutusele. Koolitusvideod on saadaval videovoogu ja neid ei saa alla laadida. Ostule vastav veebikursuse osa on Kliendile k\u00e4ttesaadav seni, kuni kursust toetab Teenusepakkuja, mis on v\u00e4hemalt aasta p\u00e4rast koolituse ostmist. Klient m\u00f5istab, et teenuste osutamisel v\u00f5i teenuse osutamise vastavas osas osalemise edukus s\u00f5ltub ainult Kliendist endast. Teenusepakkuja ei v\u00f5ta Kliendi tulemuste eest juriidilist vastutust. Klient kinnitab, et on Teenusepakkujalt teenuseid tellides tutvunud teenuse kirjelduse ja tingimustega.<\/p>\n","protected":false},"author":32,"featured_media":0,"parent":0,"menu_order":0,"comment_status":"closed","ping_status":"open","template":"","meta":{"pmpro_default_level":0,"footnotes":""},"yoast_head":"<!-- This site is optimized with the Yoast SEO plugin v17.3 - https:\/\/yoast.com\/wordpress\/plugins\/seo\/ -->\n<title>Kasutustingimused - GloberTop<\/title>\n<meta name=\"robots\" content=\"index, follow, max-snippet:-1, max-image-preview:large, max-video-preview:-1\" \/>\n<link rel=\"canonical\" href=\"https:\/\/globertop.com\/et\/kasutustingimused\/\" \/>\n<meta property=\"og:locale\" content=\"et_EE\" \/>\n<meta property=\"og:type\" content=\"article\" \/>\n<meta property=\"og:title\" content=\"Kasutustingimused - GloberTop\" \/>\n<meta property=\"og:description\" content=\"Meie veebisait Meie veebisait: https:\/\/globertop.com P\u00f5him\u00f5istete, \u00f5iguste ja piirangute m\u00e4\u00e4ratlused. V\u00f5tmes\u00f5nad: Need reeglid m\u00e4\u00e4ratlevad tingimused Amur Ltd poolt veebip\u00f5hise koolituse pakkumiseks teie (edaspidi &#8211; &#8220;Klient&#8221;) ja &#8220;Amur Ltd&#8221; (edaspidi &#8211; &#8220;Teenusepakkuja&#8221;) vahel seoses tingimustega, mille alusel teenusepakkuja pakub Klient, kellel on juurdep\u00e4\u00e4s ostetud veebikoolitusele (v\u00f5i nende osadele). \u00d5igused ja piirangud: Klient kohustub mitte levitama ostetud koolitust v\u00f5i koolituse osi, mis on saadaval veebilehel https:\/\/globertop.com. Selle reegli eiramine toob kaasa Kliendi eemaldamise koolituselt ilma eraldi hoiatuseta ja v\u00f5idakse v\u00f5tta juriidiliselt vastutusele. Koolitusvideod on saadaval videovoogu ja neid ei saa alla laadida. Ostule vastav veebikursuse osa on Kliendile k\u00e4ttesaadav seni, kuni kursust toetab Teenusepakkuja, mis on v\u00e4hemalt aasta p\u00e4rast koolituse ostmist. Klient m\u00f5istab, et teenuste osutamisel v\u00f5i teenuse osutamise vastavas osas osalemise edukus s\u00f5ltub ainult Kliendist endast. Teenusepakkuja ei v\u00f5ta Kliendi tulemuste eest juriidilist vastutust. Klient kinnitab, et on Teenusepakkujalt teenuseid tellides tutvunud teenuse kirjelduse ja tingimustega.\" \/>\n<meta property=\"og:url\" content=\"https:\/\/globertop.com\/et\/kasutustingimused\/\" \/>\n<meta property=\"og:site_name\" content=\"GloberTop\" \/>\n<meta property=\"article:modified_time\" content=\"2023-06-09T13:34:27+00:00\" \/>\n<meta name=\"twitter:card\" content=\"summary_large_image\" \/>\n<meta name=\"twitter:label1\" content=\"Est. reading time\" \/>\n\t<meta name=\"twitter:data1\" content=\"1 minut\" \/>\n<script type=\"application\/ld+json\" class=\"yoast-schema-graph\">{\"@context\":\"https:\/\/schema.org\",\"@graph\":[{\"@type\":\"WebSite\",\"@id\":\"https:\/\/globertop.com\/#website\",\"url\":\"https:\/\/globertop.com\/\",\"name\":\"GloberTop\",\"description\":\"eBay paslaugos ir mokymai\",\"potentialAction\":[{\"@type\":\"SearchAction\",\"target\":{\"@type\":\"EntryPoint\",\"urlTemplate\":\"https:\/\/globertop.com\/?s={search_term_string}\"},\"query-input\":\"required name=search_term_string\"}],\"inLanguage\":\"et\"},{\"@type\":\"WebPage\",\"@id\":\"https:\/\/globertop.com\/et\/kasutustingimused\/#webpage\",\"url\":\"https:\/\/globertop.com\/et\/kasutustingimused\/\",\"name\":\"Kasutustingimused - GloberTop\",\"isPartOf\":{\"@id\":\"https:\/\/globertop.com\/#website\"},\"datePublished\":\"2020-01-15T09:58:07+00:00\",\"dateModified\":\"2023-06-09T13:34:27+00:00\",\"breadcrumb\":{\"@id\":\"https:\/\/globertop.com\/et\/kasutustingimused\/#breadcrumb\"},\"inLanguage\":\"et\",\"potentialAction\":[{\"@type\":\"ReadAction\",\"target\":[\"https:\/\/globertop.com\/et\/kasutustingimused\/\"]}]},{\"@type\":\"BreadcrumbList\",\"@id\":\"https:\/\/globertop.com\/et\/kasutustingimused\/#breadcrumb\",\"itemListElement\":[{\"@type\":\"ListItem\",\"position\":1,\"name\":\"Home\",\"item\":\"https:\/\/globertop.com\/et\/\"},{\"@type\":\"ListItem\",\"position\":2,\"name\":\"Kasutustingimused\"}]}]}<\/script>\n<!-- \/ Yoast SEO plugin. -->","yoast_head_json":{"title":"Kasutustingimused - GloberTop","robots":{"index":"index","follow":"follow","max-snippet":"max-snippet:-1","max-image-preview":"max-image-preview:large","max-video-preview":"max-video-preview:-1"},"canonical":"https:\/\/globertop.com\/et\/kasutustingimused\/","og_locale":"et_EE","og_type":"article","og_title":"Kasutustingimused - GloberTop","og_description":"Meie veebisait Meie veebisait: https:\/\/globertop.com P\u00f5him\u00f5istete, \u00f5iguste ja piirangute m\u00e4\u00e4ratlused. V\u00f5tmes\u00f5nad: Need reeglid m\u00e4\u00e4ratlevad tingimused Amur Ltd poolt veebip\u00f5hise koolituse pakkumiseks teie (edaspidi &#8211; &#8220;Klient&#8221;) ja &#8220;Amur Ltd&#8221; (edaspidi &#8211; &#8220;Teenusepakkuja&#8221;) vahel seoses tingimustega, mille alusel teenusepakkuja pakub Klient, kellel on juurdep\u00e4\u00e4s ostetud veebikoolitusele (v\u00f5i nende osadele). \u00d5igused ja piirangud: Klient kohustub mitte levitama ostetud koolitust v\u00f5i koolituse osi, mis on saadaval veebilehel https:\/\/globertop.com. Selle reegli eiramine toob kaasa Kliendi eemaldamise koolituselt ilma eraldi hoiatuseta ja v\u00f5idakse v\u00f5tta juriidiliselt vastutusele. Koolitusvideod on saadaval videovoogu ja neid ei saa alla laadida. Ostule vastav veebikursuse osa on Kliendile k\u00e4ttesaadav seni, kuni kursust toetab Teenusepakkuja, mis on v\u00e4hemalt aasta p\u00e4rast koolituse ostmist. Klient m\u00f5istab, et teenuste osutamisel v\u00f5i teenuse osutamise vastavas osas osalemise edukus s\u00f5ltub ainult Kliendist endast. Teenusepakkuja ei v\u00f5ta Kliendi tulemuste eest juriidilist vastutust. Klient kinnitab, et on Teenusepakkujalt teenuseid tellides tutvunud teenuse kirjelduse ja tingimustega.","og_url":"https:\/\/globertop.com\/et\/kasutustingimused\/","og_site_name":"GloberTop","article_modified_time":"2023-06-09T13:34:27+00:00","twitter_card":"summary_large_image","twitter_misc":{"Est. reading time":"1 minut"},"schema":{"@context":"https:\/\/schema.org","@graph":[{"@type":"WebSite","@id":"https:\/\/globertop.com\/#website","url":"https:\/\/globertop.com\/","name":"GloberTop","description":"eBay paslaugos ir mokymai","potentialAction":[{"@type":"SearchAction","target":{"@type":"EntryPoint","urlTemplate":"https:\/\/globertop.com\/?s={search_term_string}"},"query-input":"required name=search_term_string"}],"inLanguage":"et"},{"@type":"WebPage","@id":"https:\/\/globertop.com\/et\/kasutustingimused\/#webpage","url":"https:\/\/globertop.com\/et\/kasutustingimused\/","name":"Kasutustingimused - GloberTop","isPartOf":{"@id":"https:\/\/globertop.com\/#website"},"datePublished":"2020-01-15T09:58:07+00:00","dateModified":"2023-06-09T13:34:27+00:00","breadcrumb":{"@id":"https:\/\/globertop.com\/et\/kasutustingimused\/#breadcrumb"},"inLanguage":"et","potentialAction":[{"@type":"ReadAction","target":["https:\/\/globertop.com\/et\/kasutustingimused\/"]}]},{"@type":"BreadcrumbList","@id":"https:\/\/globertop.com\/et\/kasutustingimused\/#breadcrumb","itemListElement":[{"@type":"ListItem","position":1,"name":"Home","item":"https:\/\/globertop.com\/et\/"},{"@type":"ListItem","position":2,"name":"Kasutustingimused"}]}]}},"_links":{"self":[{"href":"https:\/\/globertop.com\/et\/wp-json\/wp\/v2\/pages\/9803"}],"collection":[{"href":"https:\/\/globertop.com\/et\/wp-json\/wp\/v2\/pages"}],"about":[{"href":"https:\/\/globertop.com\/et\/wp-json\/wp\/v2\/types\/page"}],"author":[{"embeddable":true,"href":"https:\/\/globertop.com\/et\/wp-json\/wp\/v2\/users\/32"}],"replies":[{"embeddable":true,"href":"https:\/\/globertop.com\/et\/wp-json\/wp\/v2\/comments?post=9803"}],"version-history":[{"count":3,"href":"https:\/\/globertop.com\/et\/wp-json\/wp\/v2\/pages\/9803\/revisions"}],"predecessor-version":[{"id":9809,"href":"https:\/\/globertop.com\/et\/wp-json\/wp\/v2\/pages\/9803\/revisions\/9809"}],"wp:attachment":[{"href":"https:\/\/globertop.com\/et\/wp-json\/wp\/v2\/media?parent=9803"}],"curies":[{"name":"wp","href":"https:\/\/api.w.org\/{rel}","templated":true}]}}