{"id":9752,"date":"2019-12-02T02:44:34","date_gmt":"2019-12-02T02:44:34","guid":{"rendered":"https:\/\/globertop.com\/contacts\/"},"modified":"2023-06-09T16:55:47","modified_gmt":"2023-06-09T13:55:47","slug":"votke-uhendust","status":"publish","type":"page","link":"https:\/\/globertop.com\/et\/votke-uhendust\/","title":{"rendered":"Kontakt"},"content":{"rendered":"\t\t<div data-elementor-type=\"wp-page\" data-elementor-id=\"9752\" class=\"elementor elementor-9752 elementor-419\">\n\t\t\t\t\t\t<div class=\"elementor-inner\">\n\t\t\t\t<div class=\"elementor-section-wrap\">\n\t\t\t\t\t\t\t\t\t<section class=\"elementor-section elementor-top-section elementor-element elementor-element-ce19661 elementor-section-boxed elementor-section-gap-beside-yes elementor-section-height-default elementor-section-height-default elementor-section-column-vertical-align-stretch\" data-id=\"ce19661\" data-element_type=\"section\">\n\t\t\t\t\t\t<div class=\"elementor-container elementor-column-gap-extended\">\n\t\t\t\t\t\t\t<div class=\"elementor-row\">\n\t\t\t\t\t<div class=\"elementor-column elementor-col-100 elementor-top-column elementor-element elementor-element-e086d72\" data-id=\"e086d72\" data-element_type=\"column\">\n\t\t\t<div class=\"elementor-column-wrap elementor-element-populated\">\n\t\t\t\t\t\t\t<div class=\"elementor-widget-wrap\">\n\t\t\t\t\t\t<div class=\"elementor-element elementor-element-712baa6 elementor-invisible elementor-widget elementor-widget-tm-heading\" data-id=\"712baa6\" data-element_type=\"widget\" data-settings=\"{&quot;_animation&quot;:&quot;maxcoachFadeInUp&quot;}\" data-widget_type=\"tm-heading.default\">\n\t\t\t\t<div class=\"elementor-widget-container\">\n\t\t\t\t\t<div class=\"tm-modern-heading\">\n\t\t\t\n\t\t\t\t\t<div class=\"heading-primary-wrap\">\n\t\t\t<h2 class=\"heading-primary elementor-heading-title\"><span style=\"color: rgb(0, 0, 0); font-weight: 400; text-align: start; white-space-collapse: collapse; font-size: 12pt; font-family: Calibri, sans-serif;\"><\/span><span style=\"color: rgb(0, 0, 0); font-size: medium; font-weight: 400; text-align: start; white-space-collapse: collapse;\"><\/span>V\u00f5tke meiega \u00fchendust<\/h2>\t\t<\/div>\n\t\t\n\t\t\t\n\t\t\t\t\t<\/div>\n\t\t\t\t<\/div>\n\t\t\t\t<\/div>\n\t\t\t\t<section class=\"elementor-section elementor-inner-section elementor-element elementor-element-92cb7ef elementor-section-gap-beside-no elementor-section-boxed elementor-section-height-default elementor-section-height-default elementor-section-column-vertical-align-stretch\" data-id=\"92cb7ef\" data-element_type=\"section\">\n\t\t\t\t\t\t<div class=\"elementor-container elementor-column-gap-custom\">\n\t\t\t\t\t\t\t<div class=\"elementor-row\">\n\t\t\t\t\t<div class=\"elementor-column elementor-col-25 elementor-inner-column elementor-element elementor-element-08df478\" data-id=\"08df478\" data-element_type=\"column\">\n\t\t\t<div class=\"elementor-column-wrap elementor-element-populated\">\n\t\t\t\t\t\t\t<div class=\"elementor-widget-wrap\">\n\t\t\t\t\t\t<div class=\"elementor-element elementor-element-1d50b8a elementor-position-left maxcoach-view-default mobile-position-top-yes elementor-vertical-align-top elementor-invisible elementor-widget elementor-widget-tm-icon-box\" data-id=\"1d50b8a\" data-element_type=\"widget\" data-settings=\"{&quot;_animation&quot;:&quot;maxcoachFadeInUp&quot;}\" data-widget_type=\"tm-icon-box.default\">\n\t\t\t\t<div class=\"elementor-widget-container\">\n\t\t\t\t\t<div class=\"tm-icon-box maxcoach-box\">\t\t\t\t<div class=\"icon-box-wrapper\">\n\t\t\t\t\t<div class=\"maxcoach-icon-wrap\">\n\t\t\t<div class=\"maxcoach-icon-view first\">\n\t\t\t\t<div class=\"maxcoach-icon-view-inner\">\n\t\t\t\t\t<div class=\"maxcoach-icon icon maxcoach-solid-icon\">\n\t\t\t\t\t\t<i aria-hidden=\"true\" class=\"far fa-info\"><\/i>\t\t\t\t\t<\/div>\n\t\t\t\t<\/div>\n\t\t\t<\/div>\n\n\t\t\t\t\t<\/div>\n\t\t\n\t\t\t<div class=\"icon-box-content\">\n\t\t\t\t\n\t\t\t\t\t\t<div class=\"description-wrap\">\n\t\t\t<div class=\"description\">\n\t\t\t\tAmur Ltd.\t\t\t<\/div>\n\t\t<\/div>\n\t\t\n\t\t\t\t\t\t\t<\/div>\n\t\t<\/div>\n\n\t\t<\/div>\t\t\t\t<\/div>\n\t\t\t\t<\/div>\n\t\t\t\t\t\t<\/div>\n\t\t\t\t\t<\/div>\n\t\t<\/div>\n\t\t\t\t<div class=\"elementor-column elementor-col-25 elementor-inner-column elementor-element elementor-element-c266387\" data-id=\"c266387\" data-element_type=\"column\">\n\t\t\t<div class=\"elementor-column-wrap elementor-element-populated\">\n\t\t\t\t\t\t\t<div class=\"elementor-widget-wrap\">\n\t\t\t\t\t\t<div class=\"elementor-element elementor-element-cd88337 elementor-position-left maxcoach-view-default mobile-position-top-yes elementor-vertical-align-top elementor-invisible elementor-widget elementor-widget-tm-icon-box\" data-id=\"cd88337\" data-element_type=\"widget\" data-settings=\"{&quot;_animation&quot;:&quot;maxcoachFadeInUp&quot;}\" data-widget_type=\"tm-icon-box.default\">\n\t\t\t\t<div class=\"elementor-widget-container\">\n\t\t\t\t\t<a class=\"tm-icon-box maxcoach-box link-secret\" href=\"https:\/\/www.google.com\/maps\/dir\/\/J.+Bal%C4%8Dikonio+g.+9+Vilnius+08314\/@54.7214655,25.2821268,15z\/data=!4m5!4m4!1m0!1m2!1m1!1s0x46dd91317539d6e5:0x119876d7aecf8fb7\">\t\t\t\t<div class=\"icon-box-wrapper\">\n\t\t\t\t\t<div class=\"maxcoach-icon-wrap\">\n\t\t\t<div class=\"maxcoach-icon-view first\">\n\t\t\t\t<div class=\"maxcoach-icon-view-inner\">\n\t\t\t\t\t<div class=\"maxcoach-icon icon maxcoach-solid-icon\">\n\t\t\t\t\t\t<i aria-hidden=\"true\" class=\"fal fa-map-marker-alt\"><\/i>\t\t\t\t\t<\/div>\n\t\t\t\t<\/div>\n\t\t\t<\/div>\n\n\t\t\t\t\t<\/div>\n\t\t\n\t\t\t<div class=\"icon-box-content\">\n\t\t\t\t\n\t\t\t\t\t\t<div class=\"description-wrap\">\n\t\t\t<div class=\"description\">\n\t\t\t\tTatari 64, Tallinn, Estonia (European Union)\n\t\t\t<\/div>\n\t\t<\/div>\n\t\t\n\t\t\t\t\t\t\t<\/div>\n\t\t<\/div>\n\n\t\t<\/a>\t\t\t\t<\/div>\n\t\t\t\t<\/div>\n\t\t\t\t\t\t<\/div>\n\t\t\t\t\t<\/div>\n\t\t<\/div>\n\t\t\t\t<div class=\"elementor-column elementor-col-25 elementor-inner-column elementor-element elementor-element-86b33ee\" data-id=\"86b33ee\" data-element_type=\"column\">\n\t\t\t<div class=\"elementor-column-wrap elementor-element-populated\">\n\t\t\t\t\t\t\t<div class=\"elementor-widget-wrap\">\n\t\t\t\t\t\t<div class=\"elementor-element elementor-element-c3aafef elementor-position-left maxcoach-view-default mobile-position-top-yes elementor-vertical-align-top elementor-invisible elementor-widget elementor-widget-tm-icon-box\" data-id=\"c3aafef\" data-element_type=\"widget\" data-settings=\"{&quot;_animation&quot;:&quot;maxcoachFadeInUp&quot;}\" data-widget_type=\"tm-icon-box.default\">\n\t\t\t\t<div class=\"elementor-widget-container\">\n\t\t\t\t\t<a class=\"tm-icon-box maxcoach-box link-secret\" href=\"tel:%20+37258424682\">\t\t\t\t<div class=\"icon-box-wrapper\">\n\t\t\t\t\t<div class=\"maxcoach-icon-wrap\">\n\t\t\t<div class=\"maxcoach-icon-view first\">\n\t\t\t\t<div class=\"maxcoach-icon-view-inner\">\n\t\t\t\t\t<div class=\"maxcoach-icon icon maxcoach-solid-icon\">\n\t\t\t\t\t\t<i aria-hidden=\"true\" class=\"fal fa-phone\"><\/i>\t\t\t\t\t<\/div>\n\t\t\t\t<\/div>\n\t\t\t<\/div>\n\n\t\t\t\t\t<\/div>\n\t\t\n\t\t\t<div class=\"icon-box-content\">\n\t\t\t\t\n\t\t\t\t\t\t<div class=\"description-wrap\">\n\t\t\t<div class=\"description\">\n\t\t\t\t+372 5842 4682\n\n\t\t\t<\/div>\n\t\t<\/div>\n\t\t\n\t\t\t\t\t\t\t<\/div>\n\t\t<\/div>\n\n\t\t<\/a>\t\t\t\t<\/div>\n\t\t\t\t<\/div>\n\t\t\t\t\t\t<\/div>\n\t\t\t\t\t<\/div>\n\t\t<\/div>\n\t\t\t\t<div class=\"elementor-column elementor-col-25 elementor-inner-column elementor-element elementor-element-32e85ac\" data-id=\"32e85ac\" data-element_type=\"column\">\n\t\t\t<div class=\"elementor-column-wrap elementor-element-populated\">\n\t\t\t\t\t\t\t<div class=\"elementor-widget-wrap\">\n\t\t\t\t\t\t<div class=\"elementor-element elementor-element-7c395ae elementor-position-left maxcoach-view-default mobile-position-top-yes elementor-vertical-align-top elementor-invisible elementor-widget elementor-widget-tm-icon-box\" data-id=\"7c395ae\" data-element_type=\"widget\" data-settings=\"{&quot;_animation&quot;:&quot;maxcoachFadeInUp&quot;}\" data-widget_type=\"tm-icon-box.default\">\n\t\t\t\t<div class=\"elementor-widget-container\">\n\t\t\t\t\t<div class=\"tm-icon-box maxcoach-box\">\t\t\t\t<div class=\"icon-box-wrapper\">\n\t\t\t\t\t<div class=\"maxcoach-icon-wrap\">\n\t\t\t<div class=\"maxcoach-icon-view first\">\n\t\t\t\t<div class=\"maxcoach-icon-view-inner\">\n\t\t\t\t\t<div class=\"maxcoach-icon icon maxcoach-solid-icon\">\n\t\t\t\t\t\t<i aria-hidden=\"true\" class=\"far fa-mail-bulk\"><\/i>\t\t\t\t\t<\/div>\n\t\t\t\t<\/div>\n\t\t\t<\/div>\n\n\t\t\t\t\t<\/div>\n\t\t\n\t\t\t<div class=\"icon-box-content\">\n\t\t\t\t\n\t\t\t\t\t\t<div class=\"description-wrap\">\n\t\t\t<div class=\"description\">\n\t\t\t\t<a href=\"mailto:partnersee@globertop.com\">partnersee@globertop.com<\/a>\n\n\t\t\t<\/div>\n\t\t<\/div>\n\t\t\n\t\t\t\t\t\t\t<\/div>\n\t\t<\/div>\n\n\t\t<\/div>\t\t\t\t<\/div>\n\t\t\t\t<\/div>\n\t\t\t\t\t\t<\/div>\n\t\t\t\t\t<\/div>\n\t\t<\/div>\n\t\t\t\t\t\t\t\t<\/div>\n\t\t\t\t\t<\/div>\n\t\t<\/section>\n\t\t\t\t\t\t<\/div>\n\t\t\t\t\t<\/div>\n\t\t<\/div>\n\t\t\t\t\t\t\t\t<\/div>\n\t\t\t\t\t<\/div>\n\t\t<\/section>\n\t\t\t\t<section class=\"elementor-section elementor-top-section elementor-element elementor-element-17cc020 elementor-section-boxed elementor-section-gap-beside-yes elementor-section-height-default elementor-section-height-default elementor-section-column-vertical-align-stretch\" data-id=\"17cc020\" data-element_type=\"section\">\n\t\t\t\t\t\t<div class=\"elementor-container elementor-column-gap-extended\">\n\t\t\t\t\t\t\t<div class=\"elementor-row\">\n\t\t\t\t\t<div class=\"elementor-column elementor-col-100 elementor-top-column elementor-element elementor-element-36038de\" data-id=\"36038de\" data-element_type=\"column\">\n\t\t\t<div class=\"elementor-column-wrap elementor-element-populated\">\n\t\t\t\t\t\t\t<div class=\"elementor-widget-wrap\">\n\t\t\t\t\t\t<div class=\"elementor-element elementor-element-dccec3f elementor-widget elementor-widget-google_maps\" data-id=\"dccec3f\" data-element_type=\"widget\" data-widget_type=\"google_maps.default\">\n\t\t\t\t<div class=\"elementor-widget-container\">\n\t\t\t\t\t<div class=\"elementor-custom-embed\">\n\t\t\t<iframe frameborder=\"0\" scrolling=\"no\" marginheight=\"0\" marginwidth=\"0\"\n\t\t\t\t\tsrc=\"https:\/\/maps.google.com\/maps?q=Tatari%2064%2C%20Tallinn%2C%20Estonia&#038;t=m&#038;z=15&#038;output=embed&#038;iwloc=near\"\n\t\t\t\t\ttitle=\"Tatari 64, Tallinn, Estonia\"\n\t\t\t\t\taria-label=\"Tatari 64, Tallinn, Estonia\"\n\t\t\t><\/iframe>\n\t\t<\/div>\n\t\t\t\t<\/div>\n\t\t\t\t<\/div>\n\t\t\t\t\t\t<\/div>\n\t\t\t\t\t<\/div>\n\t\t<\/div>\n\t\t\t\t\t\t\t\t<\/div>\n\t\t\t\t\t<\/div>\n\t\t<\/section>\n\t\t\t\t<section class=\"elementor-section elementor-inner-section elementor-element elementor-element-21b21b3 elementor-section-boxed elementor-section-gap-beside-yes elementor-section-height-default elementor-section-height-default elementor-section-content-align-center elementor-section-column-vertical-align-stretch\" data-id=\"21b21b3\" data-element_type=\"section\">\n\t\t\t\t\t\t<div class=\"elementor-container elementor-column-gap-extended\">\n\t\t\t\t\t\t\t<div class=\"elementor-row\">\n\t\t\t\t\t<div class=\"elementor-column elementor-col-100 elementor-inner-column elementor-element elementor-element-b698a09 elementor-invisible\" data-id=\"b698a09\" data-element_type=\"column\" data-settings=\"{&quot;animation&quot;:&quot;maxcoachFadeInUp&quot;}\">\n\t\t\t<div class=\"elementor-column-wrap\">\n\t\t\t\t\t\t\t<div class=\"elementor-widget-wrap\">\n\t\t\t\t\t\t\t\t<\/div>\n\t\t\t\t\t<\/div>\n\t\t<\/div>\n\t\t\t\t\t\t\t\t<\/div>\n\t\t\t\t\t<\/div>\n\t\t<\/section>\n\t\t\t\t<section class=\"elementor-section elementor-top-section elementor-element elementor-element-613477d elementor-section-boxed elementor-section-gap-beside-yes elementor-section-height-default elementor-section-height-default elementor-section-column-vertical-align-stretch\" data-id=\"613477d\" data-element_type=\"section\">\n\t\t\t\t\t\t<div class=\"elementor-container elementor-column-gap-extended\">\n\t\t\t\t\t\t\t<div class=\"elementor-row\">\n\t\t\t\t\t<div class=\"elementor-column elementor-col-100 elementor-top-column elementor-element elementor-element-6c72e01\" data-id=\"6c72e01\" data-element_type=\"column\">\n\t\t\t<div class=\"elementor-column-wrap elementor-element-populated\">\n\t\t\t\t\t\t\t<div class=\"elementor-widget-wrap\">\n\t\t\t\t\t\t<div class=\"elementor-element elementor-element-8146f02 elementor-invisible elementor-widget elementor-widget-tm-heading\" data-id=\"8146f02\" data-element_type=\"widget\" data-settings=\"{&quot;_animation&quot;:&quot;maxcoachFadeInUp&quot;}\" data-widget_type=\"tm-heading.default\">\n\t\t\t\t<div class=\"elementor-widget-container\">\n\t\t\t\t\t<div class=\"tm-modern-heading\">\n\t\t\t\n\t\t\t\t\t<div class=\"heading-primary-wrap\">\n\t\t\t<h2 class=\"heading-primary elementor-heading-title\">Kuidas saame teid aidata?<\/h2>\t\t<\/div>\n\t\t\n\t\t\t\n\t\t\t\t\t<\/div>\n\t\t\t\t<\/div>\n\t\t\t\t<\/div>\n\t\t\t\t<div class=\"elementor-element elementor-element-167cbde elementor-button-align-center elementor-invisible elementor-widget elementor-widget-form\" data-id=\"167cbde\" data-element_type=\"widget\" data-settings=\"{&quot;_animation&quot;:&quot;maxcoachFadeInUp&quot;,&quot;step_next_label&quot;:&quot;Next&quot;,&quot;step_previous_label&quot;:&quot;Previous&quot;,&quot;button_width&quot;:&quot;100&quot;,&quot;step_type&quot;:&quot;number_text&quot;,&quot;step_icon_shape&quot;:&quot;circle&quot;}\" data-widget_type=\"form.default\">\n\t\t\t\t<div class=\"elementor-widget-container\">\n\t\t\t\t\t<form class=\"elementor-form\" method=\"post\" name=\"Kontakt\u0173 forma Apie Mus\">\n\t\t\t<input type=\"hidden\" name=\"post_id\" value=\"9752\"\/>\n\t\t\t<input type=\"hidden\" name=\"form_id\" value=\"167cbde\"\/>\n\t\t\t<input type=\"hidden\" name=\"referer_title\" value=\"GloberTop\" \/>\n\n\t\t\t\n\t\t\t<div class=\"elementor-form-fields-wrapper elementor-labels-\">\n\t\t\t\t\t\t\t\t<div class=\"elementor-field-type-text elementor-field-group elementor-column elementor-field-group-name elementor-col-50 elementor-field-required\">\n\t\t\t\t\t<label for=\"form-field-name\" class=\"elementor-field-label elementor-screen-only\">T\u00e4isnimi<\/label><input size=\"1\" type=\"text\" name=\"form_fields[name]\" id=\"form-field-name\" class=\"elementor-field elementor-size-xs  elementor-field-textual\" placeholder=\"T\u00e4isnimi*\" required=\"required\" aria-required=\"true\">\t\t\t\t<\/div>\n\t\t\t\t\t\t\t\t<div class=\"elementor-field-type-text elementor-field-group elementor-column elementor-field-group-field_1 elementor-col-50\">\n\t\t\t\t\t<label for=\"form-field-field_1\" class=\"elementor-field-label elementor-screen-only\">Telefoninumber<\/label><input size=\"1\" type=\"text\" name=\"form_fields[field_1]\" id=\"form-field-field_1\" class=\"elementor-field elementor-size-xs  elementor-field-textual\" placeholder=\"Telefoninumber\">\t\t\t\t<\/div>\n\t\t\t\t\t\t\t\t<div class=\"elementor-field-type-email elementor-field-group elementor-column elementor-field-group-email elementor-col-50 elementor-field-required\">\n\t\t\t\t\t<label for=\"form-field-email\" class=\"elementor-field-label elementor-screen-only\">E-posti aadress<\/label><input size=\"1\" type=\"email\" name=\"form_fields[email]\" id=\"form-field-email\" class=\"elementor-field elementor-size-xs  elementor-field-textual\" placeholder=\"E-posti aadress*\" required=\"required\" aria-required=\"true\">\t\t\t\t<\/div>\n\t\t\t\t\t\t\t\t<div class=\"elementor-field-type-text elementor-field-group elementor-column elementor-field-group-field_75086e0 elementor-col-50\">\n\t\t\t\t\t<label for=\"form-field-field_75086e0\" class=\"elementor-field-label elementor-screen-only\">Ettev\u00f5tte nimi<\/label><input size=\"1\" type=\"text\" name=\"form_fields[field_75086e0]\" id=\"form-field-field_75086e0\" class=\"elementor-field elementor-size-xs  elementor-field-textual\" placeholder=\"Ettev\u00f5tte nimi\">\t\t\t\t<\/div>\n\t\t\t\t\t\t\t\t<div class=\"elementor-field-type-text elementor-field-group elementor-column elementor-field-group-field_d6bb026 elementor-col-100\">\n\t\t\t\t\t<label for=\"form-field-field_d6bb026\" class=\"elementor-field-label elementor-screen-only\">Link (URL) teie poele<\/label><input size=\"1\" type=\"text\" name=\"form_fields[field_d6bb026]\" id=\"form-field-field_d6bb026\" class=\"elementor-field elementor-size-xs  elementor-field-textual\" placeholder=\"Link (URL) teie poele\">\t\t\t\t<\/div>\n\t\t\t\t\t\t\t\t<div class=\"elementor-field-type-textarea elementor-field-group elementor-column elementor-field-group-message elementor-col-100 elementor-field-required\">\n\t\t\t\t\t<label for=\"form-field-message\" class=\"elementor-field-label elementor-screen-only\">Kuidas saame teid aidata?<\/label><textarea class=\"elementor-field-textual elementor-field  elementor-size-xs\" name=\"form_fields[message]\" id=\"form-field-message\" rows=\"9\" placeholder=\"Kuidas saame teid aidata?\" required=\"required\" aria-required=\"true\"><\/textarea>\t\t\t\t<\/div>\n\t\t\t\t\t\t\t\t<div class=\"elementor-field-type-radio elementor-field-group elementor-column elementor-field-group-field_4574649 elementor-col-100 elementor-field-required\">\n\t\t\t\t\t<label for=\"form-field-field_4574649\" class=\"elementor-field-label elementor-screen-only\">Privatumo politika<\/label><div class=\"elementor-field-subgroup  elementor-subgroup-inline\"><span class=\"elementor-field-option\"><input type=\"radio\" value=\"Olen tingimused l\u00e4bi lugenud  &lt;a href=&quot;https:\/\/globertop.com\/et\/privaatsuspoliitika\/&quot; target=&quot;_blank&quot;&gt;&lt;b&gt;ja n\u00f5ustun nendega&lt;\/b&gt;&lt;\/a&gt;\" id=\"form-field-field_4574649-0\" name=\"form_fields[field_4574649]\" required=\"required\" aria-required=\"true\"> <label for=\"form-field-field_4574649-0\">Olen tingimused l\u00e4bi lugenud  <a href=\"https:\/\/globertop.com\/et\/privaatsuspoliitika\/\" target=\"_blank\"><b>ja n\u00f5ustun nendega<\/b><\/a><\/label><\/span><\/div>\t\t\t\t<\/div>\n\t\t\t\t\t\t\t\t<div class=\"elementor-field-group elementor-column elementor-field-type-submit elementor-col-100 e-form__buttons\">\n\t\t\t\t\t<button type=\"submit\" class=\"elementor-button elementor-size-lg\">\n\t\t\t\t\t\t<span >\n\t\t\t\t\t\t\t\t\t\t\t\t\t\t\t<span class=\" elementor-button-icon\">\n\t\t\t\t\t\t\t\t\t\t\t\t\t\t\t\t\t\t\t\t\t\t\t\t\t\t<\/span>\n\t\t\t\t\t\t\t\t\t\t\t\t\t\t\t\t\t\t\t\t\t\t<span class=\"elementor-button-text\">Saada s\u00f5num<\/span>\n\t\t\t\t\t\t\t\t\t\t\t\t\t<\/span>\n\t\t\t\t\t<\/button>\n\t\t\t\t<\/div>\n\t\t\t<\/div>\n\t\t<\/form>\n\t\t\t\t<\/div>\n\t\t\t\t<\/div>\n\t\t\t\t\t\t<\/div>\n\t\t\t\t\t<\/div>\n\t\t<\/div>\n\t\t\t\t\t\t\t\t<\/div>\n\t\t\t\t\t<\/div>\n\t\t<\/section>\n\t\t\t\t\t\t\t\t\t<\/div>\n\t\t\t<\/div>\n\t\t\t\t\t<\/div>\n\t\t","protected":false},"excerpt":{"rendered":"<p>V\u00f5tke meiega \u00fchendust Amur Ltd. Tatari 64, Tallinn, Estonia (European Union) +372 5842 4682 partnersee@globertop.com Kuidas saame teid aidata?<\/p>\n","protected":false},"author":32,"featured_media":0,"parent":0,"menu_order":0,"comment_status":"closed","ping_status":"closed","template":"","meta":{"pmpro_default_level":0,"footnotes":""},"yoast_head":"<!-- This site is optimized with the Yoast SEO plugin v17.3 - https:\/\/yoast.com\/wordpress\/plugins\/seo\/ -->\n<title>Kas otsite eBay professionaale? V\u00f5tke kohe \u00fchendust - GloberTop<\/title>\n<meta name=\"description\" content=\"Kui soovid meist, meie tegemistest rohkem teada, v\u00f5ta meiega \u00fchendust Sulle sobival viisil v\u00f5i lepime kokku kohtumise meie kontoris.\" \/>\n<meta name=\"robots\" content=\"index, follow, max-snippet:-1, max-image-preview:large, max-video-preview:-1\" \/>\n<link rel=\"canonical\" href=\"https:\/\/globertop.com\/et\/votke-uhendust\/\" \/>\n<meta property=\"og:locale\" content=\"et_EE\" \/>\n<meta property=\"og:type\" content=\"article\" \/>\n<meta property=\"og:title\" content=\"Kas otsite eBay professionaale? V\u00f5tke kohe \u00fchendust - GloberTop\" \/>\n<meta property=\"og:description\" content=\"Kui soovid meist, meie tegemistest rohkem teada, v\u00f5ta meiega \u00fchendust Sulle sobival viisil v\u00f5i lepime kokku kohtumise meie kontoris.\" \/>\n<meta property=\"og:url\" content=\"https:\/\/globertop.com\/et\/votke-uhendust\/\" \/>\n<meta property=\"og:site_name\" content=\"GloberTop\" \/>\n<meta property=\"article:modified_time\" content=\"2023-06-09T13:55:47+00:00\" \/>\n<meta name=\"twitter:card\" content=\"summary_large_image\" \/>\n<meta name=\"twitter:label1\" content=\"Est. reading time\" \/>\n\t<meta name=\"twitter:data1\" content=\"1 minut\" \/>\n<script type=\"application\/ld+json\" class=\"yoast-schema-graph\">{\"@context\":\"https:\/\/schema.org\",\"@graph\":[{\"@type\":\"WebSite\",\"@id\":\"https:\/\/globertop.com\/#website\",\"url\":\"https:\/\/globertop.com\/\",\"name\":\"GloberTop\",\"description\":\"eBay paslaugos ir mokymai\",\"potentialAction\":[{\"@type\":\"SearchAction\",\"target\":{\"@type\":\"EntryPoint\",\"urlTemplate\":\"https:\/\/globertop.com\/?s={search_term_string}\"},\"query-input\":\"required name=search_term_string\"}],\"inLanguage\":\"et\"},{\"@type\":\"WebPage\",\"@id\":\"https:\/\/globertop.com\/et\/votke-uhendust\/#webpage\",\"url\":\"https:\/\/globertop.com\/et\/votke-uhendust\/\",\"name\":\"Kas otsite eBay professionaale? V\\u00f5tke kohe \\u00fchendust - GloberTop\",\"isPartOf\":{\"@id\":\"https:\/\/globertop.com\/#website\"},\"datePublished\":\"2019-12-02T02:44:34+00:00\",\"dateModified\":\"2023-06-09T13:55:47+00:00\",\"description\":\"Kui soovid meist, meie tegemistest rohkem teada, v\\u00f5ta meiega \\u00fchendust Sulle sobival viisil v\\u00f5i lepime kokku kohtumise meie kontoris.\",\"breadcrumb\":{\"@id\":\"https:\/\/globertop.com\/et\/votke-uhendust\/#breadcrumb\"},\"inLanguage\":\"et\",\"potentialAction\":[{\"@type\":\"ReadAction\",\"target\":[\"https:\/\/globertop.com\/et\/votke-uhendust\/\"]}]},{\"@type\":\"BreadcrumbList\",\"@id\":\"https:\/\/globertop.com\/et\/votke-uhendust\/#breadcrumb\",\"itemListElement\":[{\"@type\":\"ListItem\",\"position\":1,\"name\":\"Home\",\"item\":\"https:\/\/globertop.com\/et\/\"},{\"@type\":\"ListItem\",\"position\":2,\"name\":\"Kontakt\"}]}]}<\/script>\n<!-- \/ Yoast SEO plugin. -->","yoast_head_json":{"title":"Kas otsite eBay professionaale? V\u00f5tke kohe \u00fchendust - GloberTop","description":"Kui soovid meist, meie tegemistest rohkem teada, v\u00f5ta meiega \u00fchendust Sulle sobival viisil v\u00f5i lepime kokku kohtumise meie kontoris.","robots":{"index":"index","follow":"follow","max-snippet":"max-snippet:-1","max-image-preview":"max-image-preview:large","max-video-preview":"max-video-preview:-1"},"canonical":"https:\/\/globertop.com\/et\/votke-uhendust\/","og_locale":"et_EE","og_type":"article","og_title":"Kas otsite eBay professionaale? V\u00f5tke kohe \u00fchendust - GloberTop","og_description":"Kui soovid meist, meie tegemistest rohkem teada, v\u00f5ta meiega \u00fchendust Sulle sobival viisil v\u00f5i lepime kokku kohtumise meie kontoris.","og_url":"https:\/\/globertop.com\/et\/votke-uhendust\/","og_site_name":"GloberTop","article_modified_time":"2023-06-09T13:55:47+00:00","twitter_card":"summary_large_image","twitter_misc":{"Est. reading time":"1 minut"},"schema":{"@context":"https:\/\/schema.org","@graph":[{"@type":"WebSite","@id":"https:\/\/globertop.com\/#website","url":"https:\/\/globertop.com\/","name":"GloberTop","description":"eBay paslaugos ir mokymai","potentialAction":[{"@type":"SearchAction","target":{"@type":"EntryPoint","urlTemplate":"https:\/\/globertop.com\/?s={search_term_string}"},"query-input":"required name=search_term_string"}],"inLanguage":"et"},{"@type":"WebPage","@id":"https:\/\/globertop.com\/et\/votke-uhendust\/#webpage","url":"https:\/\/globertop.com\/et\/votke-uhendust\/","name":"Kas otsite eBay professionaale? V\u00f5tke kohe \u00fchendust - GloberTop","isPartOf":{"@id":"https:\/\/globertop.com\/#website"},"datePublished":"2019-12-02T02:44:34+00:00","dateModified":"2023-06-09T13:55:47+00:00","description":"Kui soovid meist, meie tegemistest rohkem teada, v\u00f5ta meiega \u00fchendust Sulle sobival viisil v\u00f5i lepime kokku kohtumise meie kontoris.","breadcrumb":{"@id":"https:\/\/globertop.com\/et\/votke-uhendust\/#breadcrumb"},"inLanguage":"et","potentialAction":[{"@type":"ReadAction","target":["https:\/\/globertop.com\/et\/votke-uhendust\/"]}]},{"@type":"BreadcrumbList","@id":"https:\/\/globertop.com\/et\/votke-uhendust\/#breadcrumb","itemListElement":[{"@type":"ListItem","position":1,"name":"Home","item":"https:\/\/globertop.com\/et\/"},{"@type":"ListItem","position":2,"name":"Kontakt"}]}]}},"_links":{"self":[{"href":"https:\/\/globertop.com\/et\/wp-json\/wp\/v2\/pages\/9752"}],"collection":[{"href":"https:\/\/globertop.com\/et\/wp-json\/wp\/v2\/pages"}],"about":[{"href":"https:\/\/globertop.com\/et\/wp-json\/wp\/v2\/types\/page"}],"author":[{"embeddable":true,"href":"https:\/\/globertop.com\/et\/wp-json\/wp\/v2\/users\/32"}],"replies":[{"embeddable":true,"href":"https:\/\/globertop.com\/et\/wp-json\/wp\/v2\/comments?post=9752"}],"version-history":[{"count":3,"href":"https:\/\/globertop.com\/et\/wp-json\/wp\/v2\/pages\/9752\/revisions"}],"predecessor-version":[{"id":9838,"href":"https:\/\/globertop.com\/et\/wp-json\/wp\/v2\/pages\/9752\/revisions\/9838"}],"wp:attachment":[{"href":"https:\/\/globertop.com\/et\/wp-json\/wp\/v2\/media?parent=9752"}],"curies":[{"name":"wp","href":"https:\/\/api.w.org\/{rel}","templated":true}]}}