{"id":7598,"date":"2020-01-15T09:58:07","date_gmt":"2020-01-15T09:58:07","guid":{"rendered":"https:\/\/globertop.com\/paslaugu-teikimo-salygos\/"},"modified":"2023-06-09T16:31:17","modified_gmt":"2023-06-09T13:31:17","slug":"terms-of-service","status":"publish","type":"page","link":"https:\/\/globertop.com\/en\/terms-of-service\/","title":{"rendered":"Terms of service"},"content":{"rendered":"\t\t<div data-elementor-type=\"wp-page\" data-elementor-id=\"7598\" class=\"elementor elementor-7598 elementor-1642\">\n\t\t\t\t\t\t<div class=\"elementor-inner\">\n\t\t\t\t<div class=\"elementor-section-wrap\">\n\t\t\t\t\t\t\t\t\t<section class=\"elementor-section elementor-top-section elementor-element elementor-element-77de25b4 elementor-section-boxed elementor-section-gap-beside-yes elementor-section-height-default elementor-section-height-default elementor-section-column-vertical-align-stretch\" data-id=\"77de25b4\" data-element_type=\"section\">\n\t\t\t\t\t\t<div class=\"elementor-container elementor-column-gap-extended\">\n\t\t\t\t\t\t\t<div class=\"elementor-row\">\n\t\t\t\t\t<div class=\"elementor-column elementor-col-100 elementor-top-column elementor-element elementor-element-1b10998\" data-id=\"1b10998\" data-element_type=\"column\">\n\t\t\t<div class=\"elementor-column-wrap elementor-element-populated\">\n\t\t\t\t\t\t\t<div class=\"elementor-widget-wrap\">\n\t\t\t\t\t\t<div class=\"elementor-element elementor-element-4b8b397 elementor-widget elementor-widget-text-editor\" data-id=\"4b8b397\" data-element_type=\"widget\" data-widget_type=\"text-editor.default\">\n\t\t\t\t<div class=\"elementor-widget-container\">\n\t\t\t\t\t\t\t\t<div class=\"elementor-text-editor elementor-clearfix\">\n\t\t\t\t<h3>M\u016bs\u0173 svetain\u0117<\/h3><p>M\u016bs\u0173 internetinis puslapis: <a href=\"https:\/\/globertop.com\/\">https:\/\/globertop.com<\/a><\/p><h3>Pagrindini\u0173 termin\u0173, teisi\u0173 ir apribojim\u0173 apibr\u0117\u017eimai.<\/h3><h3>Pagrindiniai terminai:<\/h3><p>\u0160ios taisykl\u0117s apibr\u0117\u017eia &#8220;Amur Ltd&#8221; internetini\u0173 mokym\u0173 teikimo s\u0105lygas tarp J\u016bs\u0173 ( toliau &#8211; \u201eKlientas\u201c) ir &#8220;Amur Ltd&#8221; (toliau -\u201ePaslaug\u0173 Teik\u0117jas\u201c), d\u0117l s\u0105lyg\u0173 pagal kurias Paslaug\u0173 Teik\u0117jas suteiks Klientui prieig\u0105 prie \u012fsigyt\u0173 internetini\u0173 mokym\u0173 (ar j\u0173 dali\u0173).<\/p><h4>Teis\u0117s ir apribojimai:<\/h4><ol><li>Klientas \u012fsipareigoja neplatinti \u012fsigyt\u0173 mokym\u0173 ar mokym\u0173 dali\u0173, esan\u010di\u0173 svetain\u0117je https:\/\/globertop.com. Nesilaikant \u0161ios taisykl\u0117s, Klientas bus pa\u0161alintas i\u0161 mokym\u0173 be atskiro \u012fsp\u0117jimo bei gali b\u016bti patrauktas teisin\u0117n atsakomyb\u0117n.<\/li><li>Mokym\u0173 vaizdo \u012fra\u0161ai pateikiami kaip vaizdo \u012fra\u0161\u0173 srautas ir j\u0173 negalima atsisi\u0173sti.<\/li><li>Internetinio kurso dal\u012f, atitinkan\u010di\u0105 pirkin\u012f, Klientas gal\u0117s gauti tol, kol kurs\u0105 palaikys Paslaug\u0173 Teik\u0117jas, o tai bus ma\u017eiausiai vieneri metai po mokym\u0173 pirkimo.<\/li><li><p class=\"p1\">Klientas supranta, kad dalyvavimo paslaug\u0173 teikime ar atitinkamoje paslaug\u0173 teikimo dalyje s\u0117km\u0117 priklauso tik nuo paties Kliento. Paslaug\u0173 teik\u0117jas neprisiima teisin\u0117s atsakomyb\u0117s u\u017e Kliento rezultatus.<\/p><\/li><li><p class=\"p1\">Klientas patvirtina, jog u\u017esakydamas paslaugas i\u0161 Paslaug\u0173 Teik\u0117jo perskait\u0117 paslaugos apra\u0161ym\u0105 ir s\u0105lygas.<\/p><\/li><\/ol>\t\t\t\t\t<\/div>\n\t\t\t\t\t\t<\/div>\n\t\t\t\t<\/div>\n\t\t\t\t\t\t<\/div>\n\t\t\t\t\t<\/div>\n\t\t<\/div>\n\t\t\t\t\t\t\t\t<\/div>\n\t\t\t\t\t<\/div>\n\t\t<\/section>\n\t\t\t\t\t\t\t\t\t<\/div>\n\t\t\t<\/div>\n\t\t\t\t\t<\/div>\n\t\t","protected":false},"excerpt":{"rendered":"<p>M\u016bs\u0173 svetain\u0117 M\u016bs\u0173 internetinis puslapis: https:\/\/globertop.com Pagrindini\u0173 termin\u0173, teisi\u0173 ir apribojim\u0173 apibr\u0117\u017eimai. Pagrindiniai terminai: \u0160ios taisykl\u0117s apibr\u0117\u017eia &#8220;Amur Ltd&#8221; internetini\u0173 mokym\u0173 teikimo s\u0105lygas tarp J\u016bs\u0173 ( toliau &#8211; \u201eKlientas\u201c) ir &#8220;Amur Ltd&#8221; (toliau -\u201ePaslaug\u0173 Teik\u0117jas\u201c), d\u0117l s\u0105lyg\u0173 pagal kurias Paslaug\u0173 Teik\u0117jas suteiks Klientui prieig\u0105 prie \u012fsigyt\u0173 internetini\u0173 mokym\u0173 (ar j\u0173 dali\u0173). Teis\u0117s ir apribojimai: Klientas \u012fsipareigoja neplatinti \u012fsigyt\u0173 mokym\u0173 ar mokym\u0173 dali\u0173, esan\u010di\u0173 svetain\u0117je https:\/\/globertop.com. Nesilaikant \u0161ios taisykl\u0117s, Klientas bus pa\u0161alintas i\u0161 mokym\u0173 be atskiro \u012fsp\u0117jimo bei gali b\u016bti patrauktas teisin\u0117n atsakomyb\u0117n. Mokym\u0173 vaizdo \u012fra\u0161ai pateikiami kaip vaizdo \u012fra\u0161\u0173 srautas ir j\u0173 negalima atsisi\u0173sti. Internetinio kurso dal\u012f, atitinkan\u010di\u0105 pirkin\u012f, Klientas gal\u0117s gauti tol, kol kurs\u0105 palaikys Paslaug\u0173 Teik\u0117jas, o tai bus ma\u017eiausiai vieneri metai po mokym\u0173 pirkimo. Klientas supranta, kad dalyvavimo paslaug\u0173 teikime ar atitinkamoje paslaug\u0173 teikimo dalyje s\u0117km\u0117 priklauso tik nuo paties Kliento. Paslaug\u0173 teik\u0117jas neprisiima teisin\u0117s atsakomyb\u0117s u\u017e Kliento rezultatus. Klientas patvirtina, jog u\u017esakydamas paslaugas i\u0161 Paslaug\u0173 Teik\u0117jo perskait\u0117 paslaugos apra\u0161ym\u0105 ir s\u0105lygas.<\/p>\n","protected":false},"author":32,"featured_media":0,"parent":0,"menu_order":0,"comment_status":"closed","ping_status":"open","template":"","meta":{"pmpro_default_level":0,"footnotes":""},"yoast_head":"<!-- This site is optimized with the Yoast SEO plugin v17.3 - https:\/\/yoast.com\/wordpress\/plugins\/seo\/ -->\n<title>Terms of service - GloberTop<\/title>\n<meta name=\"robots\" content=\"index, follow, max-snippet:-1, max-image-preview:large, max-video-preview:-1\" \/>\n<link rel=\"canonical\" href=\"https:\/\/globertop.com\/et\/terms-of-service\/\" \/>\n<meta property=\"og:locale\" content=\"en_US\" \/>\n<meta property=\"og:type\" content=\"article\" \/>\n<meta property=\"og:title\" content=\"Terms of service - GloberTop\" \/>\n<meta property=\"og:description\" content=\"M\u016bs\u0173 svetain\u0117 M\u016bs\u0173 internetinis puslapis: https:\/\/globertop.com Pagrindini\u0173 termin\u0173, teisi\u0173 ir apribojim\u0173 apibr\u0117\u017eimai. Pagrindiniai terminai: \u0160ios taisykl\u0117s apibr\u0117\u017eia &#8220;Amur Ltd&#8221; internetini\u0173 mokym\u0173 teikimo s\u0105lygas tarp J\u016bs\u0173 ( toliau &#8211; \u201eKlientas\u201c) ir &#8220;Amur Ltd&#8221; (toliau -\u201ePaslaug\u0173 Teik\u0117jas\u201c), d\u0117l s\u0105lyg\u0173 pagal kurias Paslaug\u0173 Teik\u0117jas suteiks Klientui prieig\u0105 prie \u012fsigyt\u0173 internetini\u0173 mokym\u0173 (ar j\u0173 dali\u0173). Teis\u0117s ir apribojimai: Klientas \u012fsipareigoja neplatinti \u012fsigyt\u0173 mokym\u0173 ar mokym\u0173 dali\u0173, esan\u010di\u0173 svetain\u0117je https:\/\/globertop.com. Nesilaikant \u0161ios taisykl\u0117s, Klientas bus pa\u0161alintas i\u0161 mokym\u0173 be atskiro \u012fsp\u0117jimo bei gali b\u016bti patrauktas teisin\u0117n atsakomyb\u0117n. Mokym\u0173 vaizdo \u012fra\u0161ai pateikiami kaip vaizdo \u012fra\u0161\u0173 srautas ir j\u0173 negalima atsisi\u0173sti. Internetinio kurso dal\u012f, atitinkan\u010di\u0105 pirkin\u012f, Klientas gal\u0117s gauti tol, kol kurs\u0105 palaikys Paslaug\u0173 Teik\u0117jas, o tai bus ma\u017eiausiai vieneri metai po mokym\u0173 pirkimo. Klientas supranta, kad dalyvavimo paslaug\u0173 teikime ar atitinkamoje paslaug\u0173 teikimo dalyje s\u0117km\u0117 priklauso tik nuo paties Kliento. Paslaug\u0173 teik\u0117jas neprisiima teisin\u0117s atsakomyb\u0117s u\u017e Kliento rezultatus. Klientas patvirtina, jog u\u017esakydamas paslaugas i\u0161 Paslaug\u0173 Teik\u0117jo perskait\u0117 paslaugos apra\u0161ym\u0105 ir s\u0105lygas.\" \/>\n<meta property=\"og:url\" content=\"https:\/\/globertop.com\/et\/terms-of-service\/\" \/>\n<meta property=\"og:site_name\" content=\"GloberTop\" \/>\n<meta property=\"article:modified_time\" content=\"2023-06-09T13:31:17+00:00\" \/>\n<meta name=\"twitter:card\" content=\"summary_large_image\" \/>\n<meta name=\"twitter:label1\" content=\"Est. reading time\" \/>\n\t<meta name=\"twitter:data1\" content=\"1 minute\" \/>\n<script type=\"application\/ld+json\" class=\"yoast-schema-graph\">{\"@context\":\"https:\/\/schema.org\",\"@graph\":[{\"@type\":\"WebSite\",\"@id\":\"https:\/\/globertop.com\/#website\",\"url\":\"https:\/\/globertop.com\/\",\"name\":\"GloberTop\",\"description\":\"eBay paslaugos ir mokymai\",\"potentialAction\":[{\"@type\":\"SearchAction\",\"target\":{\"@type\":\"EntryPoint\",\"urlTemplate\":\"https:\/\/globertop.com\/?s={search_term_string}\"},\"query-input\":\"required name=search_term_string\"}],\"inLanguage\":\"en-US\"},{\"@type\":\"WebPage\",\"@id\":\"https:\/\/globertop.com\/et\/terms-of-service\/#webpage\",\"url\":\"https:\/\/globertop.com\/et\/terms-of-service\/\",\"name\":\"Terms of service - GloberTop\",\"isPartOf\":{\"@id\":\"https:\/\/globertop.com\/#website\"},\"datePublished\":\"2020-01-15T09:58:07+00:00\",\"dateModified\":\"2023-06-09T13:31:17+00:00\",\"breadcrumb\":{\"@id\":\"https:\/\/globertop.com\/et\/terms-of-service\/#breadcrumb\"},\"inLanguage\":\"en-US\",\"potentialAction\":[{\"@type\":\"ReadAction\",\"target\":[\"https:\/\/globertop.com\/et\/terms-of-service\/\"]}]},{\"@type\":\"BreadcrumbList\",\"@id\":\"https:\/\/globertop.com\/et\/terms-of-service\/#breadcrumb\",\"itemListElement\":[{\"@type\":\"ListItem\",\"position\":1,\"name\":\"Home\",\"item\":\"https:\/\/globertop.com\/en\/\"},{\"@type\":\"ListItem\",\"position\":2,\"name\":\"Terms of service\"}]}]}<\/script>\n<!-- \/ Yoast SEO plugin. -->","yoast_head_json":{"title":"Terms of service - GloberTop","robots":{"index":"index","follow":"follow","max-snippet":"max-snippet:-1","max-image-preview":"max-image-preview:large","max-video-preview":"max-video-preview:-1"},"canonical":"https:\/\/globertop.com\/et\/terms-of-service\/","og_locale":"en_US","og_type":"article","og_title":"Terms of service - GloberTop","og_description":"M\u016bs\u0173 svetain\u0117 M\u016bs\u0173 internetinis puslapis: https:\/\/globertop.com Pagrindini\u0173 termin\u0173, teisi\u0173 ir apribojim\u0173 apibr\u0117\u017eimai. Pagrindiniai terminai: \u0160ios taisykl\u0117s apibr\u0117\u017eia &#8220;Amur Ltd&#8221; internetini\u0173 mokym\u0173 teikimo s\u0105lygas tarp J\u016bs\u0173 ( toliau &#8211; \u201eKlientas\u201c) ir &#8220;Amur Ltd&#8221; (toliau -\u201ePaslaug\u0173 Teik\u0117jas\u201c), d\u0117l s\u0105lyg\u0173 pagal kurias Paslaug\u0173 Teik\u0117jas suteiks Klientui prieig\u0105 prie \u012fsigyt\u0173 internetini\u0173 mokym\u0173 (ar j\u0173 dali\u0173). Teis\u0117s ir apribojimai: Klientas \u012fsipareigoja neplatinti \u012fsigyt\u0173 mokym\u0173 ar mokym\u0173 dali\u0173, esan\u010di\u0173 svetain\u0117je https:\/\/globertop.com. Nesilaikant \u0161ios taisykl\u0117s, Klientas bus pa\u0161alintas i\u0161 mokym\u0173 be atskiro \u012fsp\u0117jimo bei gali b\u016bti patrauktas teisin\u0117n atsakomyb\u0117n. Mokym\u0173 vaizdo \u012fra\u0161ai pateikiami kaip vaizdo \u012fra\u0161\u0173 srautas ir j\u0173 negalima atsisi\u0173sti. Internetinio kurso dal\u012f, atitinkan\u010di\u0105 pirkin\u012f, Klientas gal\u0117s gauti tol, kol kurs\u0105 palaikys Paslaug\u0173 Teik\u0117jas, o tai bus ma\u017eiausiai vieneri metai po mokym\u0173 pirkimo. Klientas supranta, kad dalyvavimo paslaug\u0173 teikime ar atitinkamoje paslaug\u0173 teikimo dalyje s\u0117km\u0117 priklauso tik nuo paties Kliento. Paslaug\u0173 teik\u0117jas neprisiima teisin\u0117s atsakomyb\u0117s u\u017e Kliento rezultatus. Klientas patvirtina, jog u\u017esakydamas paslaugas i\u0161 Paslaug\u0173 Teik\u0117jo perskait\u0117 paslaugos apra\u0161ym\u0105 ir s\u0105lygas.","og_url":"https:\/\/globertop.com\/et\/terms-of-service\/","og_site_name":"GloberTop","article_modified_time":"2023-06-09T13:31:17+00:00","twitter_card":"summary_large_image","twitter_misc":{"Est. reading time":"1 minute"},"schema":{"@context":"https:\/\/schema.org","@graph":[{"@type":"WebSite","@id":"https:\/\/globertop.com\/#website","url":"https:\/\/globertop.com\/","name":"GloberTop","description":"eBay paslaugos ir mokymai","potentialAction":[{"@type":"SearchAction","target":{"@type":"EntryPoint","urlTemplate":"https:\/\/globertop.com\/?s={search_term_string}"},"query-input":"required name=search_term_string"}],"inLanguage":"en-US"},{"@type":"WebPage","@id":"https:\/\/globertop.com\/et\/terms-of-service\/#webpage","url":"https:\/\/globertop.com\/et\/terms-of-service\/","name":"Terms of service - GloberTop","isPartOf":{"@id":"https:\/\/globertop.com\/#website"},"datePublished":"2020-01-15T09:58:07+00:00","dateModified":"2023-06-09T13:31:17+00:00","breadcrumb":{"@id":"https:\/\/globertop.com\/et\/terms-of-service\/#breadcrumb"},"inLanguage":"en-US","potentialAction":[{"@type":"ReadAction","target":["https:\/\/globertop.com\/et\/terms-of-service\/"]}]},{"@type":"BreadcrumbList","@id":"https:\/\/globertop.com\/et\/terms-of-service\/#breadcrumb","itemListElement":[{"@type":"ListItem","position":1,"name":"Home","item":"https:\/\/globertop.com\/en\/"},{"@type":"ListItem","position":2,"name":"Terms of service"}]}]}},"_links":{"self":[{"href":"https:\/\/globertop.com\/en\/wp-json\/wp\/v2\/pages\/7598"}],"collection":[{"href":"https:\/\/globertop.com\/en\/wp-json\/wp\/v2\/pages"}],"about":[{"href":"https:\/\/globertop.com\/en\/wp-json\/wp\/v2\/types\/page"}],"author":[{"embeddable":true,"href":"https:\/\/globertop.com\/en\/wp-json\/wp\/v2\/users\/32"}],"replies":[{"embeddable":true,"href":"https:\/\/globertop.com\/en\/wp-json\/wp\/v2\/comments?post=7598"}],"version-history":[{"count":3,"href":"https:\/\/globertop.com\/en\/wp-json\/wp\/v2\/pages\/7598\/revisions"}],"predecessor-version":[{"id":9804,"href":"https:\/\/globertop.com\/en\/wp-json\/wp\/v2\/pages\/7598\/revisions\/9804"}],"wp:attachment":[{"href":"https:\/\/globertop.com\/en\/wp-json\/wp\/v2\/media?parent=7598"}],"curies":[{"name":"wp","href":"https:\/\/api.w.org\/{rel}","templated":true}]}}